{"id":87,"date":"2019-12-11T16:14:43","date_gmt":"2019-12-11T15:14:43","guid":{"rendered":"https:\/\/www.fsvj.se\/webshop\/?post_type=product&#038;p=87"},"modified":"2026-01-28T12:36:55","modified_gmt":"2026-01-28T11:36:55","slug":"historiska-skrifter-fran-flj-5-delar","status":"publish","type":"product","link":"https:\/\/www.fsvj.se\/webshop\/produkt\/historiska-skrifter-fran-flj-5-delar\/","title":{"rendered":"Historiska Skrifter fr\u00e5n FLJ, 5 delar"},"content":{"rendered":"<p>FLJ: FR\u00d6VI &#8211; LUDVIKA J\u00c4RNV\u00c4G<\/p>\n<p>Dessa trycks vid best\u00e4llning, vilket g\u00f6r att leveranstid kan uppst\u00e5. Om br\u00e5dskande leverans \u00f6nskas, kontakta oss g\u00e4rna innan best\u00e4llning f\u00f6r kontroll av lev. tid.<\/p>\n<p>Vi kan nu stolt erbjuda ett antal skrifter med information, bilder och data fr\u00e5n j\u00e4rnv\u00e4gen mellan Oxel\u00f6sund, Flen, Eskilstuna, Arboga\/K\u00f6ping och Fr\u00f6vi\/Vanneboda, Fr\u00f6vi, Ludvika.<\/p>\n<p>Skrifterna \u00e4r i A5 format och f\u00f6rfattade av Eric Henriksson och Christer Fredriksson. Svartvitt tryck men \u00e4ven inneh\u00e5llande f\u00e4rgbilder. Varierande antal sidor. Varje skrift \u00e4r uppdelat efter socken och finns i nedanst\u00e5ende avsnitt:<\/p>\n<p>Priset f\u00f6r varje h\u00e4fte \u00e4r 200 kronor Inkl Porto<\/p>\n<p>FLJ:<\/p>\n<p>&nbsp;<\/p>\n<p>Del 1 N\u00e4sby och s\u00f6dra delen av Linde &amp; Bergs socknar, 56 sidor<\/p>\n<p>F\u00f6ljande trafikplatser: Fr\u00f6vi, R\u00f6jen, Vedev\u00e5g..<\/p>\n<p>&nbsp;<\/p>\n<p>Del 2 Genom mittersta och norra delen av Linde och Bergs socknar, 48 sidor<\/p>\n<p>F\u00f6ljande trafikplatser: Lindesberg, Gusselby.<\/p>\n<p>&nbsp;<\/p>\n<p>Del 3 Genom Linde och Bergs socknar samt Guldsmedshyttansf\u00f6rsamling, 64 sidor<\/p>\n<p>F\u00f6ljande trafikplatser: Vasselhyttan, Stor\u00e5.<\/p>\n<p>&nbsp;<\/p>\n<p>Del 4 Genom Ramsberg och s\u00f6dra delen av Ljusnarsbergs socken, 52 sidor<\/p>\n<p>F\u00f6ljande trafikplatser: R\u00e4ls\u00e5, B\u00e5nghammar, B\u00e5ngbro.<\/p>\n<p>&nbsp;<\/p>\n<p>Del 5 Genom mellersta delen av Ljusnarsbergs socken, 64 sidor<\/p>\n<p>F\u00f6ljande trafikplatser: AB Kopparbergs Verkst\u00e4der (Lp), Kaveltorp (Lp), Kopparberg (Stn),Kopparberg hvst, Kopparberg lokstation, Finnshyttes\u00e5gen (Lp),Bj\u00f6rkbron (Lp),Dianagruvan (Lp, Sundsgruvorna (Lp &amp; Hp), Viken (Hp),Sundets grusgrop (Lp) Sundet (Hp)<\/p>\n<p>&nbsp;<\/p>\n","protected":false},"excerpt":{"rendered":"<p>FLJ: FR\u00d6VI &#8211; LUDVIKA J\u00c4RNV\u00c4G Dessa trycks vid best\u00e4llning, vilket g\u00f6r att leveranstid kan uppst\u00e5. Om br\u00e5dskande leverans \u00f6nskas, kontakta oss g\u00e4rna innan best\u00e4llning f\u00f6r kontroll av lev. tid. Vi kan nu stolt erbjuda ett antal skrifter med information, bilder och data fr\u00e5n j\u00e4rnv\u00e4gen mellan Oxel\u00f6sund, Flen, Eskilstuna, Arboga\/K\u00f6ping och Fr\u00f6vi\/Vanneboda, Fr\u00f6vi, Ludvika. Skrifterna \u00e4r [&hellip;]<\/p>\n","protected":false},"featured_media":89,"comment_status":"open","ping_status":"closed","template":"","meta":{"spay_email":""},"product_brand":[],"product_cat":[20],"product_tag":[],"class_list":{"0":"post-87","1":"product","2":"type-product","3":"status-publish","4":"has-post-thumbnail","6":"product_cat-bocker","8":"first","9":"instock","10":"taxable","11":"shipping-taxable","12":"purchasable","13":"product-type-variable","14":"has-default-attributes"},"_links":{"self":[{"href":"https:\/\/www.fsvj.se\/webshop\/wp-json\/wp\/v2\/product\/87","targetHints":{"allow":["GET"]}}],"collection":[{"href":"https:\/\/www.fsvj.se\/webshop\/wp-json\/wp\/v2\/product"}],"about":[{"href":"https:\/\/www.fsvj.se\/webshop\/wp-json\/wp\/v2\/types\/product"}],"replies":[{"embeddable":true,"href":"https:\/\/www.fsvj.se\/webshop\/wp-json\/wp\/v2\/comments?post=87"}],"wp:featuredmedia":[{"embeddable":true,"href":"https:\/\/www.fsvj.se\/webshop\/wp-json\/wp\/v2\/media\/89"}],"wp:attachment":[{"href":"https:\/\/www.fsvj.se\/webshop\/wp-json\/wp\/v2\/media?parent=87"}],"wp:term":[{"taxonomy":"product_brand","embeddable":true,"href":"https:\/\/www.fsvj.se\/webshop\/wp-json\/wp\/v2\/product_brand?post=87"},{"taxonomy":"product_cat","embeddable":true,"href":"https:\/\/www.fsvj.se\/webshop\/wp-json\/wp\/v2\/product_cat?post=87"},{"taxonomy":"product_tag","embeddable":true,"href":"https:\/\/www.fsvj.se\/webshop\/wp-json\/wp\/v2\/product_tag?post=87"}],"curies":[{"name":"wp","href":"https:\/\/api.w.org\/{rel}","templated":true}]}}