{"id":83,"date":"2019-12-11T15:48:00","date_gmt":"2019-12-11T14:48:00","guid":{"rendered":"https:\/\/www.fsvj.se\/webshop\/?post_type=product&#038;p=83"},"modified":"2026-01-28T12:40:35","modified_gmt":"2026-01-28T11:40:35","slug":"historiska-skrifter-fran-okj-4-delar","status":"publish","type":"product","link":"https:\/\/www.fsvj.se\/webshop\/produkt\/historiska-skrifter-fran-okj-4-delar\/","title":{"rendered":"Historiska Skrifter fr\u00e5n \u00d6KJ, 4 delar"},"content":{"rendered":"<p>\u00d6KJ: \u00d6REBRO &#8211; K\u00d6PINGS J\u00c4RNV\u00c4G, KHJ: K\u00d6PING &#8211; HULTS J\u00c4RNV\u00c4G.<\/p>\n<p>Dessa h\u00e4ften trycks vid best\u00e4llning, vilket g\u00f6r att leveranstid kan uppst\u00e5. Om br\u00e5dskande leverans \u00f6nskas, kontakta oss g\u00e4rna innan best\u00e4llning f\u00f6r kontroll av lev. tid.<\/p>\n<p>Vi kan nu stolt erbjuda ett antal skrifter med information, bilder och data fr\u00e5n j\u00e4rnv\u00e4gen mellan Oxel\u00f6sund, Flen, Eskilstuna, Arboga\/K\u00f6ping och Fr\u00f6vi\/Vanneboda, Fr\u00f6vi, Ludvika.<\/p>\n<p>Skrifterna \u00e4r i A5 format och f\u00f6rfattade av Eric Henriksson och Christer Fredriksson. Svartvitt tryck men \u00e4ven inneh\u00e5llande f\u00e4rgbilder. Varierande antal sidor. Varje skrift \u00e4r uppdelat efter socken och finns i nedanst\u00e5ende avsnitt:<\/p>\n<p>&nbsp;<\/p>\n<p>Priset f\u00f6r varje h\u00e4fte \u00e4r 200 kronor Inkl Porto<\/p>\n<p>\u00d6KJ\/KHJ:<\/p>\n<p>Del 1 N\u00e4sby Socken, 44 sidor<\/p>\n<p>F\u00f6ljande trafikplatser: Fr\u00f6vi, Ullers\u00e4ter, Vanneboda.<\/p>\n<p>&nbsp;<\/p>\n<p>Del 2 Fellingsbro Socken, 44 sidor<\/p>\n<p>F\u00f6ljande trafikplatser: \u00c5ls\u00e4ng, Oppboga, Fellingsbro.<\/p>\n<p>&nbsp;<\/p>\n<p>Del 3 Arboga landsf\u00f6rsamling och stad, 60 sidor<\/p>\n<p>F\u00f6ljande trafikplatser: Marieborg, J\u00e4dersbruk, Arboga.<\/p>\n<p>&nbsp;<\/p>\n<p>Del 4 Med\u00e5kers och Bj\u00f6rskogs socken, 64 sidor<\/p>\n<p>F\u00f6ljande trafikplatser: Valskog, K\u00f6pings Hamn, K\u00f6ping<\/p>\n<p>&nbsp;<\/p>\n","protected":false},"excerpt":{"rendered":"<p>\u00d6KJ: \u00d6REBRO &#8211; K\u00d6PINGS J\u00c4RNV\u00c4G, KHJ: K\u00d6PING &#8211; HULTS J\u00c4RNV\u00c4G. Dessa h\u00e4ften trycks vid best\u00e4llning, vilket g\u00f6r att leveranstid kan uppst\u00e5. Om br\u00e5dskande leverans \u00f6nskas, kontakta oss g\u00e4rna innan best\u00e4llning f\u00f6r kontroll av lev. tid. Vi kan nu stolt erbjuda ett antal skrifter med information, bilder och data fr\u00e5n j\u00e4rnv\u00e4gen mellan Oxel\u00f6sund, Flen, Eskilstuna, Arboga\/K\u00f6ping [&hellip;]<\/p>\n","protected":false},"featured_media":90,"comment_status":"open","ping_status":"closed","template":"","meta":{"spay_email":""},"product_brand":[],"product_cat":[20],"product_tag":[],"class_list":{"0":"post-83","1":"product","2":"type-product","3":"status-publish","4":"has-post-thumbnail","6":"product_cat-bocker","8":"first","9":"instock","10":"taxable","11":"shipping-taxable","12":"purchasable","13":"product-type-variable","14":"has-default-attributes"},"_links":{"self":[{"href":"https:\/\/www.fsvj.se\/webshop\/wp-json\/wp\/v2\/product\/83","targetHints":{"allow":["GET"]}}],"collection":[{"href":"https:\/\/www.fsvj.se\/webshop\/wp-json\/wp\/v2\/product"}],"about":[{"href":"https:\/\/www.fsvj.se\/webshop\/wp-json\/wp\/v2\/types\/product"}],"replies":[{"embeddable":true,"href":"https:\/\/www.fsvj.se\/webshop\/wp-json\/wp\/v2\/comments?post=83"}],"wp:featuredmedia":[{"embeddable":true,"href":"https:\/\/www.fsvj.se\/webshop\/wp-json\/wp\/v2\/media\/90"}],"wp:attachment":[{"href":"https:\/\/www.fsvj.se\/webshop\/wp-json\/wp\/v2\/media?parent=83"}],"wp:term":[{"taxonomy":"product_brand","embeddable":true,"href":"https:\/\/www.fsvj.se\/webshop\/wp-json\/wp\/v2\/product_brand?post=83"},{"taxonomy":"product_cat","embeddable":true,"href":"https:\/\/www.fsvj.se\/webshop\/wp-json\/wp\/v2\/product_cat?post=83"},{"taxonomy":"product_tag","embeddable":true,"href":"https:\/\/www.fsvj.se\/webshop\/wp-json\/wp\/v2\/product_tag?post=83"}],"curies":[{"name":"wp","href":"https:\/\/api.w.org\/{rel}","templated":true}]}}