{"id":79,"date":"2019-12-11T14:27:56","date_gmt":"2019-12-11T13:27:56","guid":{"rendered":"https:\/\/www.fsvj.se\/webshop\/?post_type=product&#038;p=79"},"modified":"2026-01-28T12:38:55","modified_gmt":"2026-01-28T11:38:55","slug":"historiska-skrifter-fran-owfj-okj-och-flj-21-varianter","status":"publish","type":"product","link":"https:\/\/www.fsvj.se\/webshop\/produkt\/historiska-skrifter-fran-owfj-okj-och-flj-21-varianter\/","title":{"rendered":"Historiska Skrifter fr\u00e5n OWFJ, 12 varianter"},"content":{"rendered":"<p><strong>OFWJ: OXEL\u00d6SUND &#8211; FLEN &#8211; WESTMANLANDS J\u00c4RNV\u00c4GAR<\/strong><\/p>\n<p>Dessa trycks vid best\u00e4llning, vilket g\u00f6r att leveranstid kan uppst\u00e5. Om br\u00e5dskande leverans \u00f6nskas, kontakta oss g\u00e4rna innan best\u00e4llning f\u00f6r kontroll av lev. tid.<\/p>\n<p>Vi kan nu stolt erbjuda ett antal skrifter med information, bilder och data fr\u00e5n j\u00e4rnv\u00e4gen mellan Oxel\u00f6sund, Flen, Eskilstuna, Arboga\/K\u00f6ping och Fr\u00f6vi\/Vanneboda, Fr\u00f6vi, Ludvika.<\/p>\n<p>Skrifterna \u00e4r i A5 format och f\u00f6rfattade av Eric Henriksson och Christer Fredriksson. Svartvitt tryck men \u00e4ven inneh\u00e5llande f\u00e4rgbilder. Varierande antal sidor. Varje skrift \u00e4r uppdelat efter socken och finns i nedanst\u00e5ende avsnitt:<\/p>\n<p>(Fler avsnitt \u00e4r under produktion och kommer presenteras senare)<\/p>\n<p>Priset f\u00f6r varje h\u00e4fte \u00e4r 200 kronor Inkl Porto<\/p>\n<p>OFWJ:<\/p>\n<p><strong>Del 1 Oxel\u00f6sund, 76 sidor<\/strong><\/p>\n<p>F\u00f6ljande trafikplatser: Oxel\u00f6sunds hamn, Oxel\u00f6sund, Oxel\u00f6sunds industrisp\u00e5r, Torspv\u00e4gen, Vivestav\u00e4gen, Stj\u00e4rnholmsbadet, Stj\u00e4rnholm.<\/p>\n<p><strong>Del 2 Nyk\u00f6ping, 60 sidor<\/strong><\/p>\n<p>F\u00f6ljande trafikplatser: Kriken, Arn\u00f6 Skog, Bj\u00f6rk\u00f6v\u00e4gen, Nyk\u00f6pings hamn, Nyk\u00f6ping S\u00f6dra, Nyk\u00f6ping C, Minninge, V\u00e4derbrunn<\/p>\n<p><strong>Del 3 Stigtomta, 44 sidor<\/strong><\/p>\n<p>F\u00f6ljande trafikplatser: Larslund, M\u00e4lby, Bv 9, Stigtomta, Dr\u00f6gsta, Vallersta, Bv 11, L\u00e4nninge, Vrena Tegelbruk, Br\u00e4dg\u00e5rden, Vrena Pumpstation<\/p>\n<p><strong>Del 4 Vrena, 40 sidor<\/strong><\/p>\n<p>F\u00f6ljande trafikplatser: Vrena, Farneby, Binklinge, Bettna, Bettna kyrka, Bettna grusgrop, Bv 14, \u00c5lsp\u00e5nga<\/p>\n<p><strong>Del 5 Flen, 60 sidor<\/strong><\/p>\n<p>F\u00f6ljande trafikplatser: Vadsbro, Vadsbro kyrka, Weckeln, Silinge, Flen, Flen \u00f6vre<\/p>\n<p><strong>Del 6 Mell\u00f6sa, 60 sidor<\/strong><\/p>\n<p>F\u00f6ljande trafikplatser: Bv 23, Mell\u00f6sa, S\u00f6rtorp, H\u00e4lleforsn\u00e4s, H\u00e4lleforsn\u00e4s industrisp\u00e5r, Harsj\u00f6n<\/p>\n<p><strong>Del 7 Husby-Rekarne, 60 sido<\/strong>r<\/p>\n<p>F\u00f6ljande trafikplatser: Koj\u00e4ng, Trinds\u00e4tersv\u00e4gen, Piltorp, B\u00e4lgviken, \u00c5rby, H\u00e5llsta, H\u00e5llsta Grusgrop, Husbyv\u00e4gen, Hyndevads damm, Oskarshall<\/p>\n<p><strong>Del 8a Eskilstuna, 56 sidor<\/strong><\/p>\n<p>F\u00f6ljande trafikplatser: Skogstorp, Skogstorps hamn, Tufwan, Skjulsta, Vilsta, Vilsta industrisp\u00e5r, Ekbacken, St\u00e5lfors, Eskilstuna \u00d6stra<\/p>\n<p><strong>Del 8b Eskilstuna, 52 sidor<\/strong><\/p>\n<p>F\u00f6ljande trafikplatser: Eskilstuna C, Gredby, Gredbybang\u00e5rden, Eskilstuna V\u00e4stra, Eskilstuna Verkstadsbang\u00e5rd, Eskilstuna Lokstation, Gredbyv\u00e4gen<\/p>\n<p><strong>Del 9 Torsh\u00e4lla H\u00e4llby, Torsh\u00e4lla och Tumbo socknar, 56 sidor.<\/strong><\/p>\n<p><strong>Del 10 Kungs\u00f6rsdelen Torpa, Kung Karl och Kung Barkar\u00f6 socknar samt Kungs\u00f6rs stad, 52 sidor.<\/strong><\/p>\n<p><strong>Del 11 Str\u00f6msholm Rytterna och Kolb\u00e4cks socknar, 56 sidor.<\/strong><\/p>\n<p>&nbsp;<\/p>\n","protected":false},"excerpt":{"rendered":"<p>OFWJ: OXEL\u00d6SUND &#8211; FLEN &#8211; WESTMANLANDS J\u00c4RNV\u00c4GAR Dessa trycks vid best\u00e4llning, vilket g\u00f6r att leveranstid kan uppst\u00e5. Om br\u00e5dskande leverans \u00f6nskas, kontakta oss g\u00e4rna innan best\u00e4llning f\u00f6r kontroll av lev. tid. Vi kan nu stolt erbjuda ett antal skrifter med information, bilder och data fr\u00e5n j\u00e4rnv\u00e4gen mellan Oxel\u00f6sund, Flen, Eskilstuna, Arboga\/K\u00f6ping och Fr\u00f6vi\/Vanneboda, Fr\u00f6vi, Ludvika. [&hellip;]<\/p>\n","protected":false},"featured_media":91,"comment_status":"open","ping_status":"closed","template":"","meta":{"spay_email":""},"product_brand":[],"product_cat":[20],"product_tag":[],"class_list":{"0":"post-79","1":"product","2":"type-product","3":"status-publish","4":"has-post-thumbnail","6":"product_cat-bocker","8":"first","9":"instock","10":"taxable","11":"shipping-taxable","12":"purchasable","13":"product-type-variable"},"_links":{"self":[{"href":"https:\/\/www.fsvj.se\/webshop\/wp-json\/wp\/v2\/product\/79","targetHints":{"allow":["GET"]}}],"collection":[{"href":"https:\/\/www.fsvj.se\/webshop\/wp-json\/wp\/v2\/product"}],"about":[{"href":"https:\/\/www.fsvj.se\/webshop\/wp-json\/wp\/v2\/types\/product"}],"replies":[{"embeddable":true,"href":"https:\/\/www.fsvj.se\/webshop\/wp-json\/wp\/v2\/comments?post=79"}],"wp:featuredmedia":[{"embeddable":true,"href":"https:\/\/www.fsvj.se\/webshop\/wp-json\/wp\/v2\/media\/91"}],"wp:attachment":[{"href":"https:\/\/www.fsvj.se\/webshop\/wp-json\/wp\/v2\/media?parent=79"}],"wp:term":[{"taxonomy":"product_brand","embeddable":true,"href":"https:\/\/www.fsvj.se\/webshop\/wp-json\/wp\/v2\/product_brand?post=79"},{"taxonomy":"product_cat","embeddable":true,"href":"https:\/\/www.fsvj.se\/webshop\/wp-json\/wp\/v2\/product_cat?post=79"},{"taxonomy":"product_tag","embeddable":true,"href":"https:\/\/www.fsvj.se\/webshop\/wp-json\/wp\/v2\/product_tag?post=79"}],"curies":[{"name":"wp","href":"https:\/\/api.w.org\/{rel}","templated":true}]}}