{"id":27695,"date":"2026-02-21T12:20:04","date_gmt":"2026-02-21T11:20:04","guid":{"rendered":"https:\/\/www.fsvj.se\/webshop\/?post_type=product&#038;p=27695"},"modified":"2026-03-03T09:00:05","modified_gmt":"2026-03-03T08:00:05","slug":"260321-resa-marlaren-runt","status":"publish","type":"product","link":"https:\/\/www.fsvj.se\/webshop\/produkt\/260321-resa-marlaren-runt\/","title":{"rendered":"260321 Resa M\u00e4laren runt med &#8221;brunt\u00e5g&#8221;"},"content":{"rendered":"<p>M\u00e4laren runt med &#8221;Brunt\u00e5g&#8221;<\/p>\n<p>OBS! Biljetter bokas via Billetto <a href=\"https:\/\/billetto.se\/e\/malaren-runt-med-bruntag-biljetter-1870893?utm_source=organiser&amp;utm_medium=share&amp;utm_campaign=copy_link&amp;utm_content=1\" target=\"_blank\" rel=\"noopener\">Biljettbokning Billetto<\/a><\/p>\n<p>Den 21 mars g\u00e5r brunt\u00e5get best\u00e5ende av Elloket Hg2 755 fr\u00e5n 1948 och 30-tals personvagnarna B8, B9 och B12 (Anv\u00e4nds f\u00f6r servering) samt en 1a-klass vagn typ A5 runt M\u00e4laren tv\u00e5 varv.<\/p>\n<p>Resan startar i Eskilstuna och g\u00e5r sedan via Str\u00e4ngn\u00e4s, L\u00e4ggesta, Nykvarn, S\u00f6dert\u00e4lje Syd \u00f6vre,\u00a0 Stockholm C, Enk\u00f6ping, V\u00e4ster\u00e5s och Kolb\u00e4ck, tillbaka till Eskilstuna och tar sedan ett varv till runt M\u00e4laren.\u00a0<em>T\u00e5get utg\u00e5r fr\u00e5n Oxel\u00f6sund p\u00e5 morgonen och g\u00e5r tillbaka till Oxel\u00f6sund efter sista ankomst till Eskilstuna med stopp p\u00e5 Nyk\u00f6ping S\u00f6dra och i Vrena<\/em><\/p>\n<p>Du kan allts\u00e5 resa tur och retur fr\u00e5n samtliga stationer under dagen.<\/p>\n<p>Du kan boka enkel resa fr\u00e5n Oxel\u00f6sund, Nyk\u00f6ping S och Vrena, som &#8221;transfer&#8221; till Eskilstuna och\/eller som retur. P\u00c5 resa till Eskilstuna bokar du fr\u00e5n vilken station du reser. P\u00e5 retur mot Oxel\u00f6sund bokar du endast fr\u00e5n Eskilstuna mot Oxel\u00f6sund oavsett avstigningsort.<\/p>\n<p>F\u00f6r M\u00e4laren runt m\u00e5ste du dock boka separata biljetter.<\/p>\n<p>P\u00e5 resan fr\u00e5n Oxel\u00f6sund till Eskilstuna eller tv\u00e4rt om \u00e4r v\u00e5r t\u00e5gkiosk \u00f6ppen. Inga m\u00e5ltider kan bokas.<\/p>\n<p>&nbsp;<\/p>\n<p><strong>TIDTABEL (Avg\u00e5ngar fr\u00e5n respektive station i fetstil)<\/strong><\/p>\n<figure class=\"redactor-component\" tabindex=\"-1\" contenteditable=\"false\" data-redactor-type=\"table\">\n<table>\n<tbody>\n<tr>\n<td contenteditable=\"true\" width=\"124\">\n<div data-redactor-tag=\"tbr\">Fr\u00e5n<\/div>\n<\/td>\n<td contenteditable=\"true\" width=\"64\">\n<div data-redactor-tag=\"tbr\">Ankomst<\/div>\n<\/td>\n<td contenteditable=\"true\" width=\"64\">\n<div data-redactor-tag=\"tbr\"><strong>Avg\u00e5ng<\/strong><\/div>\n<\/td>\n<td contenteditable=\"true\" width=\"64\">\n<div data-redactor-tag=\"tbr\">Ankomst<\/div>\n<\/td>\n<td contenteditable=\"true\" width=\"64\">\n<div data-redactor-tag=\"tbr\">Avg\u00e5ng<\/div>\n<\/td>\n<td contenteditable=\"true\" width=\"64\">\n<div data-redactor-tag=\"tbr\">Restid<\/div>\n<\/td>\n<\/tr>\n<tr>\n<td contenteditable=\"true\">\n<div data-redactor-tag=\"tbr\">Eskilstuna<\/div>\n<\/td>\n<td contenteditable=\"true\">\n<div data-redactor-tag=\"tbr\">08:26<\/div>\n<\/td>\n<td contenteditable=\"true\">\n<div data-redactor-tag=\"tbr\"><strong>08:50<\/strong><\/div>\n<\/td>\n<td contenteditable=\"true\">\n<div data-redactor-tag=\"tbr\">14:20<\/div>\n<\/td>\n<td contenteditable=\"true\">\n<div data-redactor-tag=\"tbr\">14:40<\/div>\n<\/td>\n<td contenteditable=\"true\">\n<div data-redactor-tag=\"tbr\">05:30<\/div>\n<\/td>\n<\/tr>\n<tr>\n<td contenteditable=\"true\">\n<div data-redactor-tag=\"tbr\">Str\u00e4ngn\u00e4s<\/div>\n<\/td>\n<td contenteditable=\"true\">\n<div data-redactor-tag=\"tbr\">09:32<\/div>\n<\/td>\n<td contenteditable=\"true\">\n<div data-redactor-tag=\"tbr\"><strong>09:34<\/strong><\/div>\n<\/td>\n<td contenteditable=\"true\">\n<div data-redactor-tag=\"tbr\">15:12<\/div>\n<\/td>\n<td contenteditable=\"true\">\n<div data-redactor-tag=\"tbr\">15:14<\/div>\n<\/td>\n<td contenteditable=\"true\">\n<div data-redactor-tag=\"tbr\">05:38<\/div>\n<\/td>\n<\/tr>\n<tr>\n<td contenteditable=\"true\">\n<div data-redactor-tag=\"tbr\">L\u00e4ggesta<\/div>\n<\/td>\n<td contenteditable=\"true\">\n<div data-redactor-tag=\"tbr\">09:53<\/div>\n<\/td>\n<td contenteditable=\"true\">\n<div data-redactor-tag=\"tbr\"><strong>09:55<\/strong><\/div>\n<\/td>\n<td contenteditable=\"true\">\n<div data-redactor-tag=\"tbr\">15:27<\/div>\n<\/td>\n<td contenteditable=\"true\">\n<div data-redactor-tag=\"tbr\">15:29<\/div>\n<\/td>\n<td contenteditable=\"true\">\n<div data-redactor-tag=\"tbr\">05:32<\/div>\n<\/td>\n<\/tr>\n<tr>\n<td contenteditable=\"true\">\n<div data-redactor-tag=\"tbr\">Nykvarn<\/div>\n<\/td>\n<td contenteditable=\"true\">\n<div data-redactor-tag=\"tbr\">10:11<\/div>\n<\/td>\n<td contenteditable=\"true\">\n<div data-redactor-tag=\"tbr\"><strong>10:13<\/strong><\/div>\n<\/td>\n<td contenteditable=\"true\">\n<div data-redactor-tag=\"tbr\">15:45<\/div>\n<\/td>\n<td contenteditable=\"true\">\n<div data-redactor-tag=\"tbr\">15:47<\/div>\n<\/td>\n<td contenteditable=\"true\">\n<div data-redactor-tag=\"tbr\">05:32<\/div>\n<\/td>\n<\/tr>\n<tr>\n<td contenteditable=\"true\">\n<div data-redactor-tag=\"tbr\">S\u00f6dert\u00e4lje Syd \u00d6vre<\/div>\n<\/td>\n<td contenteditable=\"true\">\n<div data-redactor-tag=\"tbr\">10:29<\/div>\n<\/td>\n<td contenteditable=\"true\">\n<div data-redactor-tag=\"tbr\"><strong>10:31<\/strong><\/div>\n<\/td>\n<td contenteditable=\"true\">\n<div data-redactor-tag=\"tbr\">15:58<\/div>\n<\/td>\n<td contenteditable=\"true\">\n<div data-redactor-tag=\"tbr\">16:00<\/div>\n<\/td>\n<td contenteditable=\"true\">\n<div data-redactor-tag=\"tbr\">05:27<\/div>\n<\/td>\n<\/tr>\n<tr>\n<td contenteditable=\"true\">\n<div data-redactor-tag=\"tbr\">Stockholm C<\/div>\n<\/td>\n<td contenteditable=\"true\">\n<div data-redactor-tag=\"tbr\">11:01<\/div>\n<\/td>\n<td contenteditable=\"true\">\n<div data-redactor-tag=\"tbr\"><strong>11:17<\/strong><\/div>\n<\/td>\n<td contenteditable=\"true\">\n<div data-redactor-tag=\"tbr\">16:31<\/div>\n<\/td>\n<td contenteditable=\"true\">\n<div data-redactor-tag=\"tbr\">16:41<\/div>\n<\/td>\n<td contenteditable=\"true\">\n<div data-redactor-tag=\"tbr\">05:14<\/div>\n<\/td>\n<\/tr>\n<tr>\n<td contenteditable=\"true\">\n<div data-redactor-tag=\"tbr\">Enk\u00f6ping<\/div>\n<\/td>\n<td contenteditable=\"true\">\n<div data-redactor-tag=\"tbr\">12:18<\/div>\n<\/td>\n<td contenteditable=\"true\">\n<div data-redactor-tag=\"tbr\"><strong>12:20<\/strong><\/div>\n<\/td>\n<td contenteditable=\"true\">\n<div data-redactor-tag=\"tbr\">18:10<\/div>\n<\/td>\n<td contenteditable=\"true\">\n<div data-redactor-tag=\"tbr\">18:12<\/div>\n<\/td>\n<td contenteditable=\"true\">\n<div data-redactor-tag=\"tbr\">05:50<\/div>\n<\/td>\n<\/tr>\n<tr>\n<td contenteditable=\"true\">\n<div data-redactor-tag=\"tbr\">V\u00e4ster\u00e5s<\/div>\n<\/td>\n<td contenteditable=\"true\">\n<div data-redactor-tag=\"tbr\">12:48<\/div>\n<\/td>\n<td contenteditable=\"true\">\n<div data-redactor-tag=\"tbr\"><strong>12:50<\/strong><\/div>\n<\/td>\n<td contenteditable=\"true\">\n<div data-redactor-tag=\"tbr\">18:39<\/div>\n<\/td>\n<td contenteditable=\"true\">\n<div data-redactor-tag=\"tbr\">18:41<\/div>\n<\/td>\n<td contenteditable=\"true\">\n<div data-redactor-tag=\"tbr\">05:49<\/div>\n<\/td>\n<\/tr>\n<tr>\n<td contenteditable=\"true\">\n<div data-redactor-tag=\"tbr\">Kolb\u00e4ck<\/div>\n<\/td>\n<td contenteditable=\"true\">\n<div data-redactor-tag=\"tbr\">13:07<\/div>\n<\/td>\n<td contenteditable=\"true\">\n<div data-redactor-tag=\"tbr\"><strong>13:15<\/strong><\/div>\n<\/td>\n<td contenteditable=\"true\">\n<div data-redactor-tag=\"tbr\">18:57<\/div>\n<\/td>\n<td contenteditable=\"true\">\n<div data-redactor-tag=\"tbr\">18:59<\/div>\n<\/td>\n<td contenteditable=\"true\">\n<div data-redactor-tag=\"tbr\">05:42<\/div>\n<\/td>\n<\/tr>\n<tr>\n<td contenteditable=\"true\">\n<div data-redactor-tag=\"tbr\">Eskilstuna<\/div>\n<\/td>\n<td contenteditable=\"true\">\n<div data-redactor-tag=\"tbr\">14:20<\/div>\n<\/td>\n<td contenteditable=\"true\">\n<div data-redactor-tag=\"tbr\"><strong>14:40<\/strong><\/div>\n<\/td>\n<td contenteditable=\"true\">\n<div data-redactor-tag=\"tbr\">19:29<\/div>\n<\/td>\n<td contenteditable=\"true\">\n<div data-redactor-tag=\"tbr\">19:50<\/div>\n<\/td>\n<td contenteditable=\"true\">\n<div data-redactor-tag=\"tbr\">05:09<\/div>\n<\/td>\n<\/tr>\n<tr>\n<td contenteditable=\"true\">\n<div data-redactor-tag=\"tbr\"><\/div>\n<\/td>\n<td contenteditable=\"true\">\n<div data-redactor-tag=\"tbr\"><\/div>\n<\/td>\n<td contenteditable=\"true\">\n<div data-redactor-tag=\"tbr\"><\/div>\n<\/td>\n<td contenteditable=\"true\">\n<div data-redactor-tag=\"tbr\"><\/div>\n<\/td>\n<td contenteditable=\"true\">\n<div data-redactor-tag=\"tbr\"><\/div>\n<\/td>\n<td contenteditable=\"true\">\n<div data-redactor-tag=\"tbr\"><\/div>\n<\/td>\n<\/tr>\n<tr>\n<td contenteditable=\"true\">\n<div data-redactor-tag=\"tbr\">Fr\u00e5n<\/div>\n<\/td>\n<td contenteditable=\"true\">\n<div data-redactor-tag=\"tbr\">Ankomst<\/div>\n<\/td>\n<td contenteditable=\"true\">\n<div data-redactor-tag=\"tbr\"><strong>Avg\u00e5ng<\/strong><\/div>\n<\/td>\n<td contenteditable=\"true\">\n<div data-redactor-tag=\"tbr\">Ankomst<\/div>\n<\/td>\n<td contenteditable=\"true\">\n<div data-redactor-tag=\"tbr\">Avg\u00e5ng<\/div>\n<\/td>\n<td contenteditable=\"true\">\n<div data-redactor-tag=\"tbr\">Restid<\/div>\n<\/td>\n<\/tr>\n<tr>\n<td contenteditable=\"true\">\n<div data-redactor-tag=\"tbr\">Oxel\u00f6sund<\/div>\n<\/td>\n<td contenteditable=\"true\">\n<div data-redactor-tag=\"tbr\"><\/div>\n<\/td>\n<td contenteditable=\"true\">\n<div data-redactor-tag=\"tbr\"><strong>06:57<\/strong><\/div>\n<\/td>\n<td contenteditable=\"true\">\n<div data-redactor-tag=\"tbr\">21:56<\/div>\n<\/td>\n<td contenteditable=\"true\">\n<div data-redactor-tag=\"tbr\"><\/div>\n<\/td>\n<td contenteditable=\"true\">\n<div data-redactor-tag=\"tbr\">14:49<\/div>\n<\/td>\n<\/tr>\n<tr>\n<td contenteditable=\"true\">\n<div data-redactor-tag=\"tbr\">Nyk\u00f6ping S\u00f6dra<\/div>\n<\/td>\n<td contenteditable=\"true\">\n<div data-redactor-tag=\"tbr\">06:59<\/div>\n<\/td>\n<td contenteditable=\"true\">\n<div data-redactor-tag=\"tbr\"><strong>07:04<\/strong><\/div>\n<\/td>\n<td contenteditable=\"true\">\n<div data-redactor-tag=\"tbr\">21:42<\/div>\n<\/td>\n<td contenteditable=\"true\">\n<div data-redactor-tag=\"tbr\">21:45<\/div>\n<\/td>\n<td contenteditable=\"true\">\n<div data-redactor-tag=\"tbr\">14:38<\/div>\n<\/td>\n<\/tr>\n<tr>\n<td contenteditable=\"true\">\n<div data-redactor-tag=\"tbr\">Vrena<\/div>\n<\/td>\n<td contenteditable=\"true\">\n<div data-redactor-tag=\"tbr\">07:25<\/div>\n<\/td>\n<td contenteditable=\"true\">\n<div data-redactor-tag=\"tbr\"><strong>07:27<\/strong><\/div>\n<\/td>\n<td contenteditable=\"true\">\n<div data-redactor-tag=\"tbr\">21:18<\/div>\n<\/td>\n<td contenteditable=\"true\">\n<div data-redactor-tag=\"tbr\">21:20<\/div>\n<\/td>\n<td contenteditable=\"true\">\n<div data-redactor-tag=\"tbr\">13:51<\/div>\n<\/td>\n<\/tr>\n<\/tbody>\n<\/table>\n<\/figure>\n<p><strong>BILJETTPRISER<\/strong><\/p>\n<p>F\u00f6rk\u00f6p M\u00e4laren runt:<br \/>\nVuxen fr\u00e5n 16 \u00e5r: 800 kr t\/r<br \/>\nBarn 5-15 \u00e5r: 400 kr t\/r<br \/>\nBarn 1-4 \u00e5r: 100 kr t\/r<\/p>\n<p>F\u00f6r resa i 1A-Klass (48 biljetter)\u00a0<strong><em>k\u00f6per du tillval 1a klass i kassan<\/em><\/strong>, till\u00e4gg p\u00e5 priset 150 kronor oavsett \u00e5lder<\/p>\n<p>Ombord p\u00e5 t\u00e5get (i m\u00e5n av plats)<br \/>\nVuxen fr\u00e5n 16 \u00e5r: 900 kr t\/r<br \/>\nBarn 5-15 \u00e5r: 500 kr t\/r<br \/>\nBarn 1-4 \u00e5r: 150 kr t\/r<\/p>\n<p>F\u00f6rk\u00f6p &#8221;transfer resa&#8221; fr\u00e5n Oxel\u00f6sund, Nyk\u00f6ping S\u00f6dra och Vrena eller tv\u00e4rt om:<br \/>\nVuxen fr\u00e5n 16 \u00e5r: 200 kr Enkel resa<br \/>\nBarn 5-15 \u00e5r: 100 kr Enkel resa<br \/>\nBarn 1-4 \u00e5r: 50 kr Enkel resa<\/p>\n<p>Vid m\u00e5n av plats kan biljetter k\u00f6pas f\u00f6r delstr\u00e4ckor direkt ombord p\u00e5 t\u00e5get. Varje delstr\u00e4cka\/station kostar d\u00e5 enkel resa:<\/p>\n<p>Vuxen fr\u00e5n 16 \u00e5r:\u00a0100 kr<br \/>\nBarn 5-15 \u00e5r: 50 kr<br \/>\nBarn 1-4 \u00e5r:\u00a0 \u00a020 kr<\/p>\n<p><strong>M\u00c5LTIDER (K\u00f6ps till vid biljettk\u00f6pet senast 48 timmar f\u00f6re resa)<\/strong><\/p>\n<p>V\u00e5r egen potatissallad med isbergssallad, \u00e4pple, purjo, r\u00e4disa, kapris och kallskuret samt gr\u00f6nsaker och br\u00f6d, inklusive m\u00e5ltidsdryck. Mineralvatten, frukt-tetra eller alkoholfri \u00f6l)<\/p>\n<p>Hel portion 195 kr t\/r<br \/>\nHalv portion 105 kr t\/r<\/p>\n<p>V\u00e5r favoritsm\u00f6rg\u00e5s<br \/>\nMjuk baguette med potatissallad, rostbiff, sallad, gurka, paprika, tomat, druvor, picklad r\u00f6dl\u00f6k, rostad l\u00f6k samt lite frukt och m\u00e5ltidsdryck (Mineralvatten\/frukt-tetra eller alkoholfri \u00f6l)<\/p>\n<p>Baguette stor 105 kr<br \/>\nBaguette liten 75 kr<\/p>\n<p>M\u00e5ltiderna serveras efter klockan 12:00 och 14:00samt 16:00.\u00a0Detta beroende p\u00e5 vilken p\u00e5stigningsort du valt att resa fr\u00e5n. Obs! M\u00e5ltiderna serveras vid din sittplats eller i v\u00e5r vagn B12 beroende p\u00e5 antal k\u00f6pta m\u00e5ltider. Information f\u00e5r du ombord.<\/p>\n<p>Ombord p\u00e5 t\u00e5get \u00e4r v\u00e5r t\u00e5gkiosk \u00f6ppen med f\u00f6rs\u00e4ljning av kaffe\/te, bakverk och godis. En enkel ost och skinksm\u00f6rg\u00e5s p\u00e5 vetekaka kan best\u00e4llas i kiosken.<\/p>\n<p>OBS! V\u00e5rt museit\u00e5g \u00e4r inte tillg\u00e4nglighetsanpassat.<\/p>\n<p>FSVJ f\u00f6rbeh\u00e5ller sig r\u00e4tten till att st\u00e4lla in resan om resandeantalet blir f\u00f6r l\u00e5gt eller vid andra omst\u00e4ndigheter utanf\u00f6r v\u00e5r kontroll. Om FSVJ st\u00e4ller in resan \u00e5terbetalas full pris.<\/p>\n<p>V\u00c4NLIGEN L\u00c4S V\u00c5RA BOKNINGSVILLKOR<\/p>\n<p><a href=\"https:\/\/www.fsvj.se\/webshop\/bokningsvillkor\/\" target=\"_blank\" rel=\"noopener noreferrer nofollow\">https:\/\/www.fsvj.se\/webshop\/bo&#8230;<\/a><\/p>\n","protected":false},"excerpt":{"rendered":"<p><strong>Denna resa k\u00f6ps via Billetto:<\/strong><\/p>\n<p><strong><a href=\"https:\/\/billetto.se\/e\/malaren-runt-med-bruntag-biljetter-1870893?utm_source=organiser&amp;utm_medium=share&amp;utm_campaign=copy_link&amp;utm_content=1\" target=\"_blank\" rel=\"noopener\">Biljettbokning Billetto<\/a><\/strong><\/p>\n","protected":false},"featured_media":27490,"comment_status":"open","ping_status":"closed","template":"","meta":{"spay_email":""},"product_brand":[],"product_cat":[18],"product_tag":[],"class_list":{"0":"post-27695","1":"product","2":"type-product","3":"status-publish","4":"has-post-thumbnail","6":"product_cat-resor","8":"first","9":"instock","10":"taxable","11":"shipping-taxable","12":"product-type-simple"},"_links":{"self":[{"href":"https:\/\/www.fsvj.se\/webshop\/wp-json\/wp\/v2\/product\/27695","targetHints":{"allow":["GET"]}}],"collection":[{"href":"https:\/\/www.fsvj.se\/webshop\/wp-json\/wp\/v2\/product"}],"about":[{"href":"https:\/\/www.fsvj.se\/webshop\/wp-json\/wp\/v2\/types\/product"}],"replies":[{"embeddable":true,"href":"https:\/\/www.fsvj.se\/webshop\/wp-json\/wp\/v2\/comments?post=27695"}],"wp:featuredmedia":[{"embeddable":true,"href":"https:\/\/www.fsvj.se\/webshop\/wp-json\/wp\/v2\/media\/27490"}],"wp:attachment":[{"href":"https:\/\/www.fsvj.se\/webshop\/wp-json\/wp\/v2\/media?parent=27695"}],"wp:term":[{"taxonomy":"product_brand","embeddable":true,"href":"https:\/\/www.fsvj.se\/webshop\/wp-json\/wp\/v2\/product_brand?post=27695"},{"taxonomy":"product_cat","embeddable":true,"href":"https:\/\/www.fsvj.se\/webshop\/wp-json\/wp\/v2\/product_cat?post=27695"},{"taxonomy":"product_tag","embeddable":true,"href":"https:\/\/www.fsvj.se\/webshop\/wp-json\/wp\/v2\/product_tag?post=27695"}],"curies":[{"name":"wp","href":"https:\/\/api.w.org\/{rel}","templated":true}]}}