{"id":27676,"date":"2026-02-16T13:20:21","date_gmt":"2026-02-16T12:20:21","guid":{"rendered":"https:\/\/www.fsvj.se\/webshop\/?post_type=product&#038;p=27676"},"modified":"2026-03-04T20:18:25","modified_gmt":"2026-03-04T19:18:25","slug":"fundraising-till-vart-kop-av-lokstallet-och-tillhorande-omrade","status":"publish","type":"product","link":"https:\/\/www.fsvj.se\/webshop\/produkt\/fundraising-till-vart-kop-av-lokstallet-och-tillhorande-omrade\/","title":{"rendered":"Fundraising till v\u00e5rt k\u00f6p av lokstallet och tillh\u00f6rande omr\u00e5de"},"content":{"rendered":"<p>Under 2026 kommer FSVJ att k\u00f6pa Oxel\u00f6sunds lokstall med tillh\u00f6rande ca 5000 kvadrat mark av Oxel\u00f6sunds kommun, som beslutat sig f\u00f6r att inte l\u00e4ngre vilja \u00e4ga fastigheten,<\/p>\n<p>F\u00f6r v\u00e5r ideella f\u00f6rening inneb\u00e4r detta naturligtvis, f\u00f6rutom k\u00f6peskillingen,\u00a0 \u00f6kade kostnader f\u00f6r drift och underh\u00e5ll och vi hoppas att ni vill hj\u00e4lpa oss p\u00e5 v\u00e4gen f\u00f6r att kunna forts\u00e4tta bedriva Oxel\u00f6sunds J\u00e4rnv\u00e4gsmuseum och trafik med v\u00e5ra veteranfordon.<\/p>\n<p>Genom ditt bidrag st\u00f6ttar du f\u00f6reningens fortsatta verksamhet.<\/p>\n<p>500 kronor kostar en fundraising enhet. \u00d6nskar du bidra med mer \u00f6kar du antalet i kassan.<\/p>\n","protected":false},"excerpt":{"rendered":"<p>Fundraising f\u00f6r k\u00f6p av Oxel\u00f6sunds lokstall<\/p>\n","protected":false},"featured_media":27677,"comment_status":"open","ping_status":"closed","template":"","meta":{"spay_email":""},"product_brand":[],"product_cat":[26],"product_tag":[],"class_list":{"0":"post-27676","1":"product","2":"type-product","3":"status-publish","4":"has-post-thumbnail","6":"product_cat-fundrasing","8":"first","9":"instock","10":"virtual","11":"purchasable","12":"product-type-simple"},"_links":{"self":[{"href":"https:\/\/www.fsvj.se\/webshop\/wp-json\/wp\/v2\/product\/27676","targetHints":{"allow":["GET"]}}],"collection":[{"href":"https:\/\/www.fsvj.se\/webshop\/wp-json\/wp\/v2\/product"}],"about":[{"href":"https:\/\/www.fsvj.se\/webshop\/wp-json\/wp\/v2\/types\/product"}],"replies":[{"embeddable":true,"href":"https:\/\/www.fsvj.se\/webshop\/wp-json\/wp\/v2\/comments?post=27676"}],"wp:featuredmedia":[{"embeddable":true,"href":"https:\/\/www.fsvj.se\/webshop\/wp-json\/wp\/v2\/media\/27677"}],"wp:attachment":[{"href":"https:\/\/www.fsvj.se\/webshop\/wp-json\/wp\/v2\/media?parent=27676"}],"wp:term":[{"taxonomy":"product_brand","embeddable":true,"href":"https:\/\/www.fsvj.se\/webshop\/wp-json\/wp\/v2\/product_brand?post=27676"},{"taxonomy":"product_cat","embeddable":true,"href":"https:\/\/www.fsvj.se\/webshop\/wp-json\/wp\/v2\/product_cat?post=27676"},{"taxonomy":"product_tag","embeddable":true,"href":"https:\/\/www.fsvj.se\/webshop\/wp-json\/wp\/v2\/product_tag?post=27676"}],"curies":[{"name":"wp","href":"https:\/\/api.w.org\/{rel}","templated":true}]}}