{"id":26789,"date":"2024-01-10T11:58:24","date_gmt":"2024-01-10T10:58:24","guid":{"rendered":"https:\/\/www.fsvj.se\/webshop\/?post_type=product&#038;p=26789"},"modified":"2024-09-06T15:20:42","modified_gmt":"2024-09-06T13:20:42","slug":"240716-resa-till-nassjo-pa-paltens-dag","status":"publish","type":"product","link":"https:\/\/www.fsvj.se\/webshop\/produkt\/240716-resa-till-nassjo-pa-paltens-dag\/","title":{"rendered":"240713Resa till N\u00e4ssj\u00f6 p\u00e5 Paltens dag"},"content":{"rendered":"<p>Ytterligare En av v\u00e5ra klassiska matresor, denna g\u00e5ng reser vi till N\u00e4ssj\u00f6 med lokdraget t\u00e5g och 30-talsvagnar.<br \/>\nDu kan resa fr\u00e5n Oxel\u00f6sund, Nyk\u00f6ping S\u00f6dra, Norrk\u00f6ping och Link\u00f6ping.<\/p>\n<p>P\u00e5 nedresan till N\u00e4ssj\u00f6 serveras en FSVJ frukost best\u00e5ende av v\u00e5r goda ost och skinfralla med gr\u00f6nsaker, rostad l\u00f6k och senapsdressing mm samt kaffe eller te och apelsinjuice.<br \/>\nN\u00e4r vi kommer till N\u00e4ssj\u00f6 \u00e4r det dag f\u00f6r lunch, naturligtvis best\u00e5ende av Pitepalt med fl\u00e4sk, sm\u00e4lt sm\u00f6r och lingon samt m\u00e5ltidsdryck, som vi serverar p\u00e5 t\u00e5get.<br \/>\n<span style=\"color: #0000ff;\">(\u00d6nskar du i st\u00e4llet rostbiff, sallad och potatissallad inkl br\u00f6d och\u00a0 sm\u00f6r s\u00e5 ange detta i meddelandef\u00e4ltet vid betalning)<\/span><br \/>\nKlockan 13:00 g\u00e5r vi sedan till N\u00e4ssj\u00f6 J\u00e4rnv\u00e4gsmuseum. Klockan 15:06 avg\u00e5r vi fr\u00e5n N\u00e4ssj\u00f6 och efter en stund blir det en rostbiffmacka d\u00e4r du k\u00f6per till kaffe\/te eller m\u00e5ltidsdryck.<\/p>\n<p>V\u00e5r t\u00e5gkiosk \u00e4r \u00f6ppen under resan med kaffe och gott fika br\u00f6d, samt te, dricka och godis mm.<\/p>\n<p>\u00d6nskar du enbart resa med t\u00e5get tur och retur till N\u00e4ssj\u00f6 och sj\u00e4lv spendera din dag d\u00e4r kan du boka f\u00e4rdbiljett. (Inga m\u00e5ltider eller bes\u00f6k p\u00e5 J\u00e4rnv\u00e4gsmuseet ing\u00e5r d\u00e5 i priset)<\/p>\n<p>TIPS ATT G\u00d6RA I N\u00c4SSJ\u00d6:<\/p>\n<ul>\n<li>Passa p\u00e5 att bes\u00f6ka Bakluckeloppisen p\u00e5 Stortorget, som p\u00e5g\u00e5r fram till klockan 14:00.<\/li>\n<li>Eller bes\u00f6k N\u00e4ssj\u00f6 konsthall, bara 5 minuter fr\u00e5n stationen, d\u00e4r visas Utst\u00e4llningen Slow motion &#8211; Diana Orving<\/li>\n<\/ul>\n<p>&nbsp;<\/p>\n<p><strong>BILJETTPRIS<\/strong><\/p>\n<p><strong>995 kronor\/person<\/strong> (Enhetspris fr\u00e5n alla stationer) (<strong>Sluts\u00e5lt<\/strong>)<br \/>\nI priset ing\u00e5r resa t\/r, frukost, lunch, eftermiddagssm\u00f6rg\u00e5s samt bes\u00f6k p\u00e5 N\u00e4ssj\u00f6 J\u00e4rnv\u00e4gsmuseum<\/p>\n<p>Sista dag f\u00f6r biljettk\u00f6p \u00e4r 2024-06-28<\/p>\n<p><strong>Endast resa: kan k\u00f6pas till 2024-07-11<\/strong><br \/>\nVuxen fr\u00e5n Oxel\u00f6sund eller Nyk\u00f6ping :500 kr, Barn 4-15 \u00e5r 200 kr t\/r<br \/>\nVuxen fr\u00e5n Norrk\u00f6ping eller Link\u00f6ping 400 kr, Barn 4-15 \u00e5r 150 kr t\/r<\/p>\n<p><strong>TIDTABELL<\/strong><\/p>\n<p>T\u00e5g 89001<br \/>\n08:25 Oxel\u00f6sund Avg\u00e5ng<br \/>\n08:50 Nyk\u00f6ping S\u00f6dra avg\u00e5ng<br \/>\n09:42 Norrk\u00f6ping Avg\u00e5ng<br \/>\n10:26 Link\u00f6ping Avg\u00e5ng<br \/>\n12:00 N\u00e4ssj\u00f6 Ankomst<\/p>\n<p>T\u00e5g 89002<br \/>\n15:06 N\u00e4ssj\u00f6 Avg\u00e5ng<br \/>\n16;42 Link\u00f6ping Ankomst<br \/>\n17:28 Norrk\u00f6ping Ankomst<br \/>\n18:21 Nyk\u00f6ping S\u00f6dra ankomst<br \/>\n18:37 Oxel\u00f6sund Ankomst<\/p>\n<p>P\u00e5stigning i Oxel\u00f6sund sker med pallar. Du m\u00e5ste d\u00e4rf\u00f6r sj\u00e4lv kunna ta dig ombord p\u00e5 t\u00e5get. T\u00e5get \u00e4r av \u00e4ldre modell och tyv\u00e4rr ej anpassat f\u00f6r r\u00f6relsehindrade personer med rullstol.<\/p>\n<p><em><strong>F\u00f6r denna resa g\u00e4ller v\u00e5ra generella bokningsvillkor . L\u00e4s <a href=\"https:\/\/www.fsvj.se\/webshop\/bokningsvillkor\/\" target=\"_blank\" rel=\"noopener\">bokningsvillkoren<\/a> innan k\u00f6p av resa.<\/strong><\/em><\/p>\n<p><em><strong>FSVJ reserverar sig mot of\u00f6rutsedda h\u00e4ndelser utanf\u00f6r v\u00e5r kontroll eller justeringar i programmet. Vid f\u00f6rsening utg\u00e5r ej ers\u00e4ttning.\u00a0\u00a0<\/strong><\/em><\/p>\n","protected":false},"excerpt":{"rendered":"<p>Ytterligare En av v\u00e5ra klassiska matresor, denna g\u00e5ng reser vi till N\u00e4ssj\u00f6.<br \/>\nDu kan \u00e4ven k\u00f6pa endast resebiljetter fram till 2024-07-11<\/p>\n<p>V\u00e4lj avg\u00e5ngsstation nedan<\/p>\n","protected":false},"featured_media":34,"comment_status":"open","ping_status":"closed","template":"","meta":{"spay_email":""},"product_brand":[],"product_cat":[15],"product_tag":[],"class_list":{"0":"post-26789","1":"product","2":"type-product","3":"status-publish","4":"has-post-thumbnail","6":"product_cat-okategoriserad","8":"first","9":"outofstock","10":"taxable","11":"shipping-taxable","12":"purchasable","13":"product-type-variable"},"_links":{"self":[{"href":"https:\/\/www.fsvj.se\/webshop\/wp-json\/wp\/v2\/product\/26789","targetHints":{"allow":["GET"]}}],"collection":[{"href":"https:\/\/www.fsvj.se\/webshop\/wp-json\/wp\/v2\/product"}],"about":[{"href":"https:\/\/www.fsvj.se\/webshop\/wp-json\/wp\/v2\/types\/product"}],"replies":[{"embeddable":true,"href":"https:\/\/www.fsvj.se\/webshop\/wp-json\/wp\/v2\/comments?post=26789"}],"wp:featuredmedia":[{"embeddable":true,"href":"https:\/\/www.fsvj.se\/webshop\/wp-json\/wp\/v2\/media\/34"}],"wp:attachment":[{"href":"https:\/\/www.fsvj.se\/webshop\/wp-json\/wp\/v2\/media?parent=26789"}],"wp:term":[{"taxonomy":"product_brand","embeddable":true,"href":"https:\/\/www.fsvj.se\/webshop\/wp-json\/wp\/v2\/product_brand?post=26789"},{"taxonomy":"product_cat","embeddable":true,"href":"https:\/\/www.fsvj.se\/webshop\/wp-json\/wp\/v2\/product_cat?post=26789"},{"taxonomy":"product_tag","embeddable":true,"href":"https:\/\/www.fsvj.se\/webshop\/wp-json\/wp\/v2\/product_tag?post=26789"}],"curies":[{"name":"wp","href":"https:\/\/api.w.org\/{rel}","templated":true}]}}