{"id":26772,"date":"2024-01-10T09:33:59","date_gmt":"2024-01-10T08:33:59","guid":{"rendered":"https:\/\/www.fsvj.se\/webshop\/?post_type=product&#038;p=26772"},"modified":"2024-09-06T15:22:37","modified_gmt":"2024-09-06T13:22:37","slug":"240601-angtag-oxelosund-norrkoping-och-omvant","status":"publish","type":"product","link":"https:\/\/www.fsvj.se\/webshop\/produkt\/240601-angtag-oxelosund-norrkoping-och-omvant\/","title":{"rendered":"240601 \u00c5ngt\u00e5g Oxel\u00f6sund &#8211; Norrk\u00f6ping och omv\u00e4nt"},"content":{"rendered":"<p style=\"padding-left: 40px;\">En resa med \u00e5ngloksdraget t\u00e5g och v\u00e5ra 30-talsvagnar.<\/p>\n<p>Du kan resa fr\u00e5n Oxel\u00f6sund\/Nyk\u00f6ping S\u00f6dra till Norrk\u00f6ping tur och retur eller Fr\u00e5n Norrk\u00f6ping till Oxel\u00f6sund\/Nyk\u00f6ping tur och retur.<\/p>\n<p>I Biljettpriset ing\u00e5r ett bes\u00f6k p\u00e5 Oxel\u00f6sunds J\u00e4rnv\u00e4gsmuseum, d\u00e4r \u00e4ven v\u00e5r kaf\u00e9vagn \u00e4r \u00f6ppen. \u00d6ppet 13:30 &#8211; 16:00<\/p>\n<p>Fr\u00e5n Oxel\u00f6sund\/Nyk\u00f6ping kan du v\u00e4lja att \u00e5ka p\u00e5 f\u00f6rmiddag eller eftermiddag t\/r. Fr\u00e5n Norrk\u00f6ping f\u00e5r du en lite l\u00e4ngre resa med avg\u00e5ng 12:03 och ankomst Oxel\u00f6sund 13:36 och ett uppeh\u00e5ll p\u00e5 ca 2,5 timmar i Oxel\u00f6sund till 15:53. Passa p\u00e5 att \u00e4ta lunch p\u00e5 n\u00e5gon av restaurangerna i Oxel\u00f6sund under uppeh\u00e5ller samt bes\u00f6k Oxel\u00f6sunds J\u00e4rnv\u00e4gsmuseum, som ing\u00e5r i biljettpriset. Du \u00e4r tillbaka i Norrk\u00f6ping 18:16.<\/p>\n<p>P\u00e5 morgonturen fr\u00e5n Oxel\u00f6sund eller Nyk\u00f6ping kan du k\u00f6pa till en frukost f\u00f6r <strong>125 kr\/person.<\/strong> Frukosten best\u00e5r av kaffe\/te, apelsinjuice, br\u00f6d, sm\u00f6r, marmelad, ost, skinka, gr\u00f6nsaker, kokt \u00e4gg och kaviar.<\/p>\n<p>V\u00e5r t\u00e5gkiosk \u00e4r \u00f6ppen under resorna och s\u00e4ljer kaffe, te, drycker, godis samt gott fikabr\u00f6d.<\/p>\n<p>&nbsp;<\/p>\n<p><strong>TIDTABELL<\/strong><\/p>\n<p><strong>Oxel\u00f6sund Norrk\u00f6ping T\u00e5g 89001<\/strong><\/p>\n<p>08:50 Oxel\u00f6sund Avg\u00e5ng<br \/>\n09:23 Nyk\u00f6ping S\u00f6dra avg\u00e5ng<br \/>\n11:22 Norrk\u00f6ping Ankomst<\/p>\n<p><strong>Norrk\u00f6ping-Oxel\u00f6sund T\u00e5g 89002<\/strong><\/p>\n<p>12:03 Avg\u00e5ng<br \/>\n13:13 Ankomst Nyk\u00f6ping S\u00f6dra<br \/>\n13:36 Ankomst Oxel\u00f6sund<\/p>\n<p><strong>Oxel\u00f6sund &#8211; Norrk\u00f6ping T\u00e5g 89003<\/strong><\/p>\n<p>15:53 Oxel\u00f6sund Avg\u00e5ng<br \/>\n16:22 Nyk\u00f6ping S\u00f6dra avg\u00e5ng<br \/>\n18:16 Norrk\u00f6ping Ankomst<\/p>\n<p><strong>Norrk\u00f6ping-Oxel\u00f6sund T\u00e5g 89003<\/strong><\/p>\n<p>18:55 Norrk\u00f6ping Avg\u00e5ng<br \/>\n20:29 Ankomst Nyk\u00f6ping S\u00f6dra<br \/>\n20:58 Ankomst Oxel\u00f6sund<\/p>\n<p><strong>BILJETTPRISER\u00a0<\/strong><\/p>\n<p>Vuxen fr\u00e5n 16 \u00e5r:\u00a0 600 kr t\/r (Direkt p\u00e5 t\u00e5get 650 kr\/person)<br \/>\nBarn 5 &#8211; 15 \u00e5r:\u00a0 \u00a0 \u00a0 \u00a0350 kr t\/r (Direkt p\u00e5 t\u00e5get 400 kr\/person)<br \/>\nBarn 1 &#8211; 4 \u00e5r:\u00a0 \u00a0 \u00a0 \u00a0 \u00a0100 kr t\/r (Direkt p\u00e5 t\u00e5get 150 kr\/person)<\/p>\n<p>Eventuella restbiljetter k\u00f6ps p\u00e5 stationerna innan avg\u00e5ng. OBS! Ordinarie pris g\u00e4ller d\u00e5.)<br \/>\nIngen sittplatsplacering p\u00e5 t\u00e5get, du sitter fritt i valfri vagn.<\/p>\n<p>Sista dag f\u00f6r biljettk\u00f6p \u00e4r 2024-05-24<\/p>\n<p>OBS! Av och p\u00e5stigning sker med pallar i Oxel\u00f6sund och Nyk\u00f6ping S\u00f6dra. T\u00e5get \u00e4r ej tillg\u00e4nglighetsanpassat, vilket inneb\u00e4r att du sj\u00e4lv m\u00e5ste kunna ta dig av\/p\u00e5 t\u00e5get via pallar,<\/p>\n<p>V\u00e5ra allm\u00e4nna bokningsvillkor g\u00e4ller f\u00f6r denna resa,<\/p>\n<p>Betr\u00e4d ej sp\u00e5ren, f\u00f6lj personalens anvisningar.<\/p>\n<p>&nbsp;<\/p>\n","protected":false},"excerpt":{"rendered":"<p><strong><span style=\"color: #ff0000;\">INST\u00c4LLD!<\/span><\/strong><\/p>\n<p><span style=\"color: #000000;\">Pga den extremt h\u00f6ga brandrisken \u00e4r denna \u00e5ngt\u00e5gsresa inst\u00e4lld. (Ny resa planeras vid ett annat tillf\u00e4lle)<\/span><\/p>\n","protected":false},"featured_media":26773,"comment_status":"open","ping_status":"closed","template":"","meta":{"spay_email":""},"product_brand":[],"product_cat":[15],"product_tag":[],"class_list":{"0":"post-26772","1":"product","2":"type-product","3":"status-publish","4":"has-post-thumbnail","6":"product_cat-okategoriserad","8":"first","9":"outofstock","10":"taxable","11":"shipping-taxable","12":"purchasable","13":"product-type-variable"},"_links":{"self":[{"href":"https:\/\/www.fsvj.se\/webshop\/wp-json\/wp\/v2\/product\/26772","targetHints":{"allow":["GET"]}}],"collection":[{"href":"https:\/\/www.fsvj.se\/webshop\/wp-json\/wp\/v2\/product"}],"about":[{"href":"https:\/\/www.fsvj.se\/webshop\/wp-json\/wp\/v2\/types\/product"}],"replies":[{"embeddable":true,"href":"https:\/\/www.fsvj.se\/webshop\/wp-json\/wp\/v2\/comments?post=26772"}],"wp:featuredmedia":[{"embeddable":true,"href":"https:\/\/www.fsvj.se\/webshop\/wp-json\/wp\/v2\/media\/26773"}],"wp:attachment":[{"href":"https:\/\/www.fsvj.se\/webshop\/wp-json\/wp\/v2\/media?parent=26772"}],"wp:term":[{"taxonomy":"product_brand","embeddable":true,"href":"https:\/\/www.fsvj.se\/webshop\/wp-json\/wp\/v2\/product_brand?post=26772"},{"taxonomy":"product_cat","embeddable":true,"href":"https:\/\/www.fsvj.se\/webshop\/wp-json\/wp\/v2\/product_cat?post=26772"},{"taxonomy":"product_tag","embeddable":true,"href":"https:\/\/www.fsvj.se\/webshop\/wp-json\/wp\/v2\/product_tag?post=26772"}],"curies":[{"name":"wp","href":"https:\/\/api.w.org\/{rel}","templated":true}]}}