{"id":26493,"date":"2023-04-03T14:00:11","date_gmt":"2023-04-03T12:00:11","guid":{"rendered":"https:\/\/www.fsvj.se\/webshop\/?post_type=product&#038;p=26493"},"modified":"2023-08-22T21:34:00","modified_gmt":"2023-08-22T19:34:00","slug":"230603-upplevelseresa-till-angelsberg","status":"publish","type":"product","link":"https:\/\/www.fsvj.se\/webshop\/produkt\/230603-upplevelseresa-till-angelsberg\/","title":{"rendered":"2023-06-03 &#8211; Upplevelseresa till \u00c4ngelsberg"},"content":{"rendered":"<p style=\"text-align: left;\">Nu \u00e4r det dags igen!<\/p>\n<p>Vi g\u00f6r en h\u00e4rlig resa till \u00c4ngelsberg och bes\u00f6ker Olje\u00f6n och Engelsbergs bruk.<\/p>\n<p>T\u00e5get g\u00e5r denna g\u00e5ng fr\u00e5n Oxel\u00f6sund via Nyk\u00f6ping S\u00f6dra, Norrk\u00f6ping, Katrineholm och Flen med trolig avg\u00e5ng fr\u00e5n Oxel\u00f6sund omkring klockan 06:00.<\/p>\n<p>T\u00e5get g\u00f6r ett uppeh\u00e5ll i \u00c4ngelsberg mellan 10:30 &#8211; 16:00 och de resande delas d\u00e5 i tv\u00e5 grupper och bes\u00f6ker vardera Olje\u00f6n och Bruket med en lunch mellan bes\u00f6ken.<\/p>\n<p>Lunchen best\u00e5r av FSVJs egna potatissallad med liten k\u00f6ttbuff\u00e9 samt m\u00e5ltidsdryck. Observera att det ing\u00e5r ca 1 km promenad fr\u00e5n stationen till Engelsbergs Bruk.<\/p>\n<p>P\u00e5 uppresan blir det en klassisk FSVJ-frukost med matig fralla, apelsinjuice och kaffe\/te. P\u00e5 hemresan blir det en enklare kv\u00e4llsm\u00e5ltid i form av en stor baguette med ost, skinka och gr\u00f6nsaker mm samt valfri dryck Kaffe\/te\/dricka. Samtliga m\u00e5ltider serveras p\u00e5 t\u00e5get under dagen.<\/p>\n<p>Ber\u00e4knad hemkomst till Oxel\u00f6sund \u00e4r ca 20:30<\/p>\n<p>Eftersom v\u00e5r motorvagn inte kommer vara i trafik, kommer vi att k\u00f6ra med v\u00e5ra 30-talsvagnar.<\/p>\n<p><strong>Priset f\u00f6r hela resan \u00e4r 1 200 kronor\/person oavsett avresestation<\/strong><br \/>\nDetta inkluderar t\u00e5gbiljetter, guidade museibes\u00f6k p\u00e5 Olje\u00f6n och Engelsbergs bruk, frukost, lunch och kv\u00e4llsm\u00e5ltid.<\/p>\n<p><strong>Endast 70 platser kommer att s\u00e4ljas!<\/strong><\/p>\n<p><strong>Sista bokningsdag \u00e4r 2023 &#8211; 05 &#8211; 18<\/strong><\/p>\n<p>Under resan kan man k\u00f6pa kaffe och fika p\u00e5 t\u00e5get.<\/p>\n<p>Fastst\u00e4llda tider:<\/p>\n<h4>2023-06-03 \u00c4ngelsberg, upplevelseresa, Annonseras som T\u00e5g 86301<\/h4>\n<p>06:10 Oxel\u00f6sund, avg<br \/>\n06:31 Nyk\u00f6ping S\u00f6dra, avg<br \/>\n07:38 Norrk\u00f6ping, avg<br \/>\n08:35 Katrineholm, avg<br \/>\n08:53 Flen, avg<br \/>\n10:33 Ankomst \u00c4ngelsberg<\/p>\n<p>15:24 \u00c4ngelsberg, avg\u00e5ng<br \/>\n16:59 Flen, ank<br \/>\n17:19 Katrineholm, ank<br \/>\n17:57 Norrk\u00f6ping, ank<br \/>\n19:07 Nyk\u00f6ping S\u00f6dra, ank<br \/>\n19:22 Oxel\u00f6sund, ank<\/p>\n<p>OBS! B\u00e5de avg\u00e5ngar och hemkomst kan justeras till b\u00e5de tidigare och senare tider.<\/p>\n<p>N\u00e4r tidtabellen \u00e4r fastst\u00e4lld kommer den presenteras p\u00e5 hemsidan under\u00a0<a href=\"https:\/\/www.fsvj.se\/tagresor\/trafikinformation\/\" target=\"_blank\" rel=\"noopener\">Trafikinformation<\/a><\/p>\n<p>P\u00e5 T\u00e5get finns Skenbaren \u00f6ppen f\u00f6r dig som blir sugen p\u00e5 extra fika eller lite godis.<\/p>\n<p>&nbsp;<\/p>\n<p>&nbsp;<\/p>\n<p>FSVJs resevillkor f\u00f6r samarbete med tredje part g\u00e4ller f\u00f6r denna resa.<\/p>\n<p><strong>OBSERVERA att d\u00e5 tidtabell presenteras mycket sent (Kanske tom dagen innan), s\u00e5 \u00e4r detta en f\u00f6ruts\u00e4ttning du m\u00e5ste ta h\u00e4nsyn till vid bokning. D\u00e5 antalet platser \u00e4r begr\u00e4nsat kommer \u00e5terbetalning av biljetter endast att ske enligt villkoren.<\/strong><\/p>\n<p>Vi reserverar oss f\u00f6r \u00e4ndrat program eller inst\u00e4lld trafik.<\/p>\n","protected":false},"excerpt":{"rendered":"<p style=\"text-align: left;\">H\u00e4rlig upplevelseresa till \u00c4ngelsberg och bes\u00f6k p\u00e5 Olje\u00f6n och Engelsbergs bruk.<\/p>\n","protected":false},"featured_media":26509,"comment_status":"open","ping_status":"closed","template":"","meta":{"spay_email":""},"product_brand":[],"product_cat":[15],"product_tag":[],"class_list":{"0":"post-26493","1":"product","2":"type-product","3":"status-publish","4":"has-post-thumbnail","6":"product_cat-okategoriserad","8":"first","9":"outofstock","10":"taxable","11":"shipping-taxable","12":"purchasable","13":"product-type-variable"},"_links":{"self":[{"href":"https:\/\/www.fsvj.se\/webshop\/wp-json\/wp\/v2\/product\/26493","targetHints":{"allow":["GET"]}}],"collection":[{"href":"https:\/\/www.fsvj.se\/webshop\/wp-json\/wp\/v2\/product"}],"about":[{"href":"https:\/\/www.fsvj.se\/webshop\/wp-json\/wp\/v2\/types\/product"}],"replies":[{"embeddable":true,"href":"https:\/\/www.fsvj.se\/webshop\/wp-json\/wp\/v2\/comments?post=26493"}],"wp:featuredmedia":[{"embeddable":true,"href":"https:\/\/www.fsvj.se\/webshop\/wp-json\/wp\/v2\/media\/26509"}],"wp:attachment":[{"href":"https:\/\/www.fsvj.se\/webshop\/wp-json\/wp\/v2\/media?parent=26493"}],"wp:term":[{"taxonomy":"product_brand","embeddable":true,"href":"https:\/\/www.fsvj.se\/webshop\/wp-json\/wp\/v2\/product_brand?post=26493"},{"taxonomy":"product_cat","embeddable":true,"href":"https:\/\/www.fsvj.se\/webshop\/wp-json\/wp\/v2\/product_cat?post=26493"},{"taxonomy":"product_tag","embeddable":true,"href":"https:\/\/www.fsvj.se\/webshop\/wp-json\/wp\/v2\/product_tag?post=26493"}],"curies":[{"name":"wp","href":"https:\/\/api.w.org\/{rel}","templated":true}]}}