{"id":26352,"date":"2022-07-29T12:35:27","date_gmt":"2022-07-29T10:35:27","guid":{"rendered":"https:\/\/www.fsvj.se\/webshop\/?post_type=product&#038;p=26352"},"modified":"2023-04-03T14:19:13","modified_gmt":"2023-04-03T12:19:13","slug":"220917-resa-till-orebro-vin-och-delikatessmassa","status":"publish","type":"product","link":"https:\/\/www.fsvj.se\/webshop\/produkt\/220917-resa-till-orebro-vin-och-delikatessmassa\/","title":{"rendered":"220917 &#8211; Resa till \u00d6rebro Vin- och delikatessm\u00e4ssa"},"content":{"rendered":"<p>Resa till \u00d6rebro med ett bes\u00f6k p\u00e5 Conventum Arena d\u00e4r \u00d6rebro Vinm\u00e4ssa p\u00e5g\u00e5r. En m\u00e4ssa med Vin &#8211; Mat och Deli.<\/p>\n<p><span style=\"color: #0000ff;\"><em>Kombinationen av mat och dryck \u00e4r n\u00e5got som vi alla \u00e4r nyfikna p\u00e5 och det finns ett stort intresse av att vilja prova sig fram f\u00f6r att hitta sina egna kombinationer. H\u00e4r kan man hitta allt fr\u00e5n sm\u00e5 lokalproducenter till st\u00f6rre importbolag. Det \u00e4r v\u00e4l dessutom r\u00e4tt fantastiskt att kunna prova ett lite dyrare vin innan man g\u00e5r till Systembolaget f\u00f6r att inhandla? Efter ett bes\u00f6k p\u00e5 \u00d6rebro Vinm\u00e4ssa slipper du \u201dk\u00f6pa grisen i s\u00e4cken\u201d.<\/em><\/span><\/p>\n<p>Resan sker med r\u00e4lsbuss och vi reser till \u00d6rebro S\u00f6dra, ca 15 minuter fr\u00e5n m\u00e4ssan.<\/p>\n<p>Du har tid att g\u00e5 p\u00e5 m\u00e4ssan, str\u00f6va runt i \u00d6rebro och \u00e4ta lunch mellan klockan 12:00 &#8211; 16:00<\/p>\n<p><span style=\"color: #ff0000;\">Prelimin\u00e4r tidtabell<\/span> (Fastsl\u00e5s n\u00e4r trafikverket behandlat v\u00e5r t\u00e5gl\u00e4gesans\u00f6kan, se denna sida eller hemsidan)<\/p>\n<p>Avg\u00e5ng Fr\u00e5n\u00a0 \u00a0 \u00a0 \u00a0 \u00a0 \u00c5ter hemma<\/p>\n<table id=\"tablepress-28\" class=\"tablepress tablepress-id-28 dataTable no-footer\" role=\"grid\">\n<tbody>\n<tr class=\"row-2 even\">\n<td class=\"column-1\">89098<\/td>\n<td class=\"column-2\">Oxel\u00f6sund<\/td>\n<td class=\"column-3\"><\/td>\n<td class=\"column-4\">07:45<\/td>\n<\/tr>\n<tr class=\"row-3 odd\">\n<td class=\"column-1\"><\/td>\n<td class=\"column-2\">Nyk\u00f6ping S<\/td>\n<td class=\"column-3\">07:57<\/td>\n<td class=\"column-4\">08:00<\/td>\n<\/tr>\n<tr class=\"row-4 even\">\n<td class=\"column-1\"><\/td>\n<td class=\"column-2\">Eskilstuna<\/td>\n<td class=\"column-3\">09:16<\/td>\n<td class=\"column-4\">09:23<\/td>\n<\/tr>\n<tr class=\"row-5 odd\">\n<td class=\"column-1\"><\/td>\n<td class=\"column-2\">\u00d6rebro S<\/td>\n<td class=\"column-3\">10:38<\/td>\n<td class=\"column-4\"><\/td>\n<\/tr>\n<tr class=\"row-6 even\">\n<td class=\"column-1\"><\/td>\n<td class=\"column-2\"><\/td>\n<td class=\"column-3\"><\/td>\n<td class=\"column-4\"><\/td>\n<\/tr>\n<tr class=\"row-7 odd\">\n<td class=\"column-1\">89055<\/td>\n<td class=\"column-2\">\u00d6rebro S<\/td>\n<td class=\"column-3\"><\/td>\n<td class=\"column-4\">16:05<\/td>\n<\/tr>\n<tr class=\"row-8 even\">\n<td class=\"column-1\"><\/td>\n<td class=\"column-2\">Eskilstuna<\/td>\n<td class=\"column-3\">17:34<\/td>\n<td class=\"column-4\">17:39<\/td>\n<\/tr>\n<tr class=\"row-9 odd\">\n<td class=\"column-1\"><\/td>\n<td class=\"column-2\">Nyk\u00f6ping S<\/td>\n<td class=\"column-3\">18:58<\/td>\n<td class=\"column-4\">19:01<\/td>\n<\/tr>\n<tr class=\"row-10 even\">\n<td class=\"column-1\"><\/td>\n<td class=\"column-2\">Oxel\u00f6sund<\/td>\n<td class=\"column-3\"><\/td>\n<td class=\"column-4\">19:13<\/td>\n<\/tr>\n<\/tbody>\n<\/table>\n<p>N\u00e4r du kliver ombord serveras du ett glass mousserande (alkoholfritt) med en liten passande smaktallrik.<\/p>\n<p>Du kan best\u00e4lla f\u00f6rbest\u00e4lla v\u00e5r popul\u00e4ra t\u00e5gfrukost, (Kaffe\/te, matig sm\u00f6rg\u00e5s, juice) som du h\u00e4mtar i &#8221;Skenbaren&#8221;. D\u00e4r kan du \u00e4ven k\u00f6pa kaffe, dricka, fikabr\u00f6d och godsaker.<\/p>\n<p>F\u00f6rk\u00f6p av denna resa m\u00e5ste ske senast torsdag den 1 september.<\/p>\n<p>&nbsp;<\/p>\n<p>Enhetsprispris f\u00f6r denna resa inklusive intr\u00e4de till vinm\u00e4ssan och v\u00e4lkomstdryck: <strong>800 kr\/person (Fr\u00e5n Eskilstuna. Kungs\u00f6r och Arboga 750 kr)<\/strong><\/p>\n<p><strong>F\u00f6r att g\u00e5 p\u00e5 denna m\u00e4ssa m\u00e5ste du ha fyllt 20 \u00e5r vilket ska kunna styrkas med legitimation.\u00a0Barn och ungdomar under 20 \u00e5r \u00e4r inte till\u00e5tna att vara p\u00e5 denna m\u00e4ssa.<\/strong><\/p>\n<p><span style=\"color: #0000ff;\"><em>F\u00f6r 27:e g\u00e5ngen s\u00e5 arrangeras \u00d6rebro Vinm\u00e4ssa tidigare Chateau Grand Cru! Nu med nytt namn, ny kostym och nya aktiviteter b\u00e5de tiden innan och p\u00e5 m\u00e4ssan, vi tar vi steget till en komplett smakupplevelse med dryck, mat och delikatesser. \u00c5r 2020 bytte de namn till \u00d6rebro Vinm\u00e4ssa, som en del av deras utveckling av konceptet har de inf\u00f6r 2022 en ny avdelning med mousserande viner i alla dess former. Deras nya avdelning heter \u00d6rebro Sparkling. H\u00e4r kan bes\u00f6kare f\u00e5 smaka p\u00e5 allt inom dessa drycker; Champagne, samt Cava, Prosecco, Cr\u00e9manter fr\u00e5n hela v\u00e4rlden representerade av deras utst\u00e4llare.<\/em><\/span><\/p>\n<p>&nbsp;<\/p>\n<p><em><strong>FSVJs allm\u00e4nna bokningsvillkor g\u00e4ller med till\u00e4gg f\u00f6r bokning hos 3e part. (L\u00e4s bokningsreglerna i menyn)<\/strong><\/em><\/p>\n","protected":false},"excerpt":{"rendered":"<p>Resa till \u00d6rebro med ett bes\u00f6k p\u00e5 Conventum Arena d\u00e4r \u00d6rebro Vinm\u00e4ssa p\u00e5g\u00e5r. En m\u00e4ssa med Vin &#8211; Mat och Deli.<\/p>\n","protected":false},"featured_media":26138,"comment_status":"open","ping_status":"closed","template":"","meta":{"spay_email":""},"product_brand":[],"product_cat":[15],"product_tag":[],"class_list":{"0":"post-26352","1":"product","2":"type-product","3":"status-publish","4":"has-post-thumbnail","6":"product_cat-okategoriserad","8":"first","9":"outofstock","10":"taxable","11":"shipping-taxable","12":"purchasable","13":"product-type-variable"},"_links":{"self":[{"href":"https:\/\/www.fsvj.se\/webshop\/wp-json\/wp\/v2\/product\/26352","targetHints":{"allow":["GET"]}}],"collection":[{"href":"https:\/\/www.fsvj.se\/webshop\/wp-json\/wp\/v2\/product"}],"about":[{"href":"https:\/\/www.fsvj.se\/webshop\/wp-json\/wp\/v2\/types\/product"}],"replies":[{"embeddable":true,"href":"https:\/\/www.fsvj.se\/webshop\/wp-json\/wp\/v2\/comments?post=26352"}],"wp:featuredmedia":[{"embeddable":true,"href":"https:\/\/www.fsvj.se\/webshop\/wp-json\/wp\/v2\/media\/26138"}],"wp:attachment":[{"href":"https:\/\/www.fsvj.se\/webshop\/wp-json\/wp\/v2\/media?parent=26352"}],"wp:term":[{"taxonomy":"product_brand","embeddable":true,"href":"https:\/\/www.fsvj.se\/webshop\/wp-json\/wp\/v2\/product_brand?post=26352"},{"taxonomy":"product_cat","embeddable":true,"href":"https:\/\/www.fsvj.se\/webshop\/wp-json\/wp\/v2\/product_cat?post=26352"},{"taxonomy":"product_tag","embeddable":true,"href":"https:\/\/www.fsvj.se\/webshop\/wp-json\/wp\/v2\/product_tag?post=26352"}],"curies":[{"name":"wp","href":"https:\/\/api.w.org\/{rel}","templated":true}]}}