{"id":26114,"date":"2022-02-02T09:48:31","date_gmt":"2022-02-02T08:48:31","guid":{"rendered":"https:\/\/www.fsvj.se\/webshop\/?post_type=product&#038;p=26114"},"modified":"2022-05-30T16:13:43","modified_gmt":"2022-05-30T14:13:43","slug":"220312-resa-korvens-dag-norrkoping-t-r","status":"publish","type":"product","link":"https:\/\/www.fsvj.se\/webshop\/produkt\/220312-resa-korvens-dag-norrkoping-t-r\/","title":{"rendered":"220312 &#8211; Resa Korvens dag Norrk\u00f6ping t\/r"},"content":{"rendered":"<p><strong>Vi g\u00f6r en resan mellan Oxel\u00f6sund\/Nyk\u00f6ping S\u00f6dra till Norrk\u00f6ping och firar Korvens dag med en matresa.<\/strong><\/p>\n<p>Med R\u00e4lsbussen avg\u00e5r vi fr\u00e5n Oxel\u00f6sund klockan 10:00 och sedan fr\u00e5n Nyk\u00f6ping S\u00f6dra klockan 10;16.\u00a0 Vi reser p\u00e5 Nyk\u00f6pingsbanan till Norrk\u00f6ping, d\u00e4r vi g\u00f6r 60 minuter stopp innan vi reser tillbaka samma v\u00e4g.<\/p>\n<p>Under dagen serverar vi en h\u00e4rlig korv- och salamibricka i Korvens tecken!<\/p>\n<p>M\u00e5ltider ing\u00e5r i priset.<\/p>\n<p>Korv- och salamibricka med tillbeh\u00f6r och m\u00e5ltidsdryck<\/p>\n<p>Kaffe och kaffebr\u00f6d.<\/p>\n<p>L\u00e4tt\u00f6l\/mineralvatten ing\u00e5r i priset<\/p>\n<p>Viss kioskf\u00f6rs\u00e4ljning p\u00e5 t\u00e5get.<\/p>\n<p><strong>Paketpris<\/strong><\/p>\n<p>T\u00e5gresa inklusive f\u00f6rt\u00e4ring, <strong>695\u00a0 kronor\/Person\u00a0\u00a0<\/strong><\/p>\n<p><strong>(Max upp till 30 platser kan bokas, antalet kan minska beroende p\u00e5 hur vi kan boka de resande vid bord och avst\u00e5nd)<\/strong><\/p>\n<p>Tidtabell: T\u00e5g<\/p>\n<p>10:00 Oxel\u00f6sund, Avg\u00e5ng<br \/>\n10:16 Nyk\u00f6ping S\u00f6dra, Avg\u00e5ng<br \/>\n11:09<\/p>\n<p>Norrk\u00f6ping, Ankomst<\/p>\n<p>12:09 Norrk\u00f6ping, Avg\u00e5ng<br \/>\n13:01 Nyk\u00f6ping S\u00f6dra, Ankomst<br \/>\n13:17 Oxel\u00f6sund, Ankomst<\/p>\n<p>&nbsp;<\/p>\n<p>FSVJs bokningsvillkor g\u00e4ller<\/p>\n","protected":false},"excerpt":{"rendered":"<p><strong>Vi g\u00f6r en resan mellan Oxel\u00f6sund\/Nyk\u00f6ping S\u00f6dra till Norrk\u00f6ping och firar Korvens dag med en matresa.<\/strong><\/p>\n","protected":false},"featured_media":166,"comment_status":"open","ping_status":"closed","template":"","meta":{"spay_email":""},"product_brand":[],"product_cat":[18],"product_tag":[],"class_list":{"0":"post-26114","1":"product","2":"type-product","3":"status-publish","4":"has-post-thumbnail","6":"product_cat-resor","8":"first","9":"outofstock","10":"taxable","11":"shipping-taxable","12":"purchasable","13":"product-type-variable"},"_links":{"self":[{"href":"https:\/\/www.fsvj.se\/webshop\/wp-json\/wp\/v2\/product\/26114","targetHints":{"allow":["GET"]}}],"collection":[{"href":"https:\/\/www.fsvj.se\/webshop\/wp-json\/wp\/v2\/product"}],"about":[{"href":"https:\/\/www.fsvj.se\/webshop\/wp-json\/wp\/v2\/types\/product"}],"replies":[{"embeddable":true,"href":"https:\/\/www.fsvj.se\/webshop\/wp-json\/wp\/v2\/comments?post=26114"}],"wp:featuredmedia":[{"embeddable":true,"href":"https:\/\/www.fsvj.se\/webshop\/wp-json\/wp\/v2\/media\/166"}],"wp:attachment":[{"href":"https:\/\/www.fsvj.se\/webshop\/wp-json\/wp\/v2\/media?parent=26114"}],"wp:term":[{"taxonomy":"product_brand","embeddable":true,"href":"https:\/\/www.fsvj.se\/webshop\/wp-json\/wp\/v2\/product_brand?post=26114"},{"taxonomy":"product_cat","embeddable":true,"href":"https:\/\/www.fsvj.se\/webshop\/wp-json\/wp\/v2\/product_cat?post=26114"},{"taxonomy":"product_tag","embeddable":true,"href":"https:\/\/www.fsvj.se\/webshop\/wp-json\/wp\/v2\/product_tag?post=26114"}],"curies":[{"name":"wp","href":"https:\/\/api.w.org\/{rel}","templated":true}]}}