{"id":26108,"date":"2022-02-02T08:59:38","date_gmt":"2022-02-02T07:59:38","guid":{"rendered":"https:\/\/www.fsvj.se\/webshop\/?post_type=product&#038;p=26108"},"modified":"2022-05-30T16:15:05","modified_gmt":"2022-05-30T14:15:05","slug":"220305-resa-ostbagens-dag-eskilstuna-t-r","status":"publish","type":"product","link":"https:\/\/www.fsvj.se\/webshop\/produkt\/220305-resa-ostbagens-dag-eskilstuna-t-r\/","title":{"rendered":"220305 &#8211; Resa Ostb\u00e5gens dag Eskilstuna t\/r"},"content":{"rendered":"<p><strong>Vi g\u00f6r en resan mellan Oxel\u00f6sund\/Nyk\u00f6ping S\u00f6dra till Eskilstuna och firar Ostb\u00e5gens dag med en matresa.<\/strong><\/p>\n<p>Med R\u00e4lsbussen avg\u00e5r vi fr\u00e5n Oxel\u00f6sund klockan 10:00 och sedan\u00a0 fr\u00e5n Nyk\u00f6ping S\u00f6dra klockan.\u00a0 Vi reser p\u00e5\u00a0 TGOJ-banan till Eskilstuna, d\u00e4r vi g\u00f6r 60 minuter stopp innan vi reser tillbaka samma v\u00e4g.<\/p>\n<p>Under dagen serverar vi en tre\u00e4tters m\u00e5ltid i Ostb\u00e5gens tecken!<\/p>\n<p>M\u00e5ltider ing\u00e5r i priset.<\/p>\n<p>F\u00f6rr\u00e4tt: Ostb\u00e5gebakelse (V\u00e4lj Skagen\/r\u00e4kor eller skinka)<\/p>\n<p>Varmr\u00e4tt:\u00a0 Mac and cheezdoodlegrat\u00e4ng, sallad, br\u00f6d<\/p>\n<p>Efterr\u00e4tt: Kladdkaka med krunchy cheez doodlest\u00e4cke och choklad, Kaffe\/te<\/p>\n<p>L\u00e4tt\u00f6l\/mineralvatten ing\u00e5r i priset<\/p>\n<p>Viss kioskf\u00f6rs\u00e4ljning p\u00e5 t\u00e5get.<\/p>\n<p><strong>Paketpris<\/strong><\/p>\n<p>T\u00e5gresa inklusive 3 r\u00e4tters m\u00e5ltid, <strong>695\u00a0 kronor\/Person\u00a0\u00a0<\/strong><\/p>\n<p><strong>(Max upp till 30 platser kan bokas, antalet kan minska beroende p\u00e5 hur vi kan boka de resande vid bord och avst\u00e5nd)<\/strong><\/p>\n<p>Tidtabell:<\/p>\n<p>10:00 Oxel\u00f6sund, Avg\u00e5ng<br \/>\n10:16 Nyk\u00f6ping S\u00f6dra, Avg\u00e5ng<br \/>\n11:28 Eskilstuna, Ankomst<\/p>\n<p>12:28 Eskilstuna, Avg\u00e5ng<br \/>\n13:40 Nyk\u00f6ping S\u00f6dra, Ankomst<br \/>\n13:56 Oxel\u00f6sund, Ankomst<\/p>\n<p>&nbsp;<\/p>\n<p>FSVJs bokningsvillkor g\u00e4ller.<\/p>\n","protected":false},"excerpt":{"rendered":"[contact-form][contact-field label=\"Namn\" type=\"name\"  required=\"true\" \/][contact-field label=\"E-post\" type=\"email\" required=\"true\" \/][contact-field label=\"Webbplats\" type=\"url\" \/][contact-field label=\"Meddelande\" type=\"textarea\" \/][\/contact-form]\n<p><strong>Vi g\u00f6r en resan mellan Oxel\u00f6sund\/Nyk\u00f6ping S\u00f6dra till Eskilstuna och firar Ostb\u00e5gens dag med en matresa.<\/strong><\/p>\n","protected":false},"featured_media":166,"comment_status":"open","ping_status":"closed","template":"","meta":{"spay_email":""},"product_brand":[],"product_cat":[18],"product_tag":[],"class_list":{"0":"post-26108","1":"product","2":"type-product","3":"status-publish","4":"has-post-thumbnail","6":"product_cat-resor","8":"first","9":"outofstock","10":"taxable","11":"shipping-taxable","12":"purchasable","13":"product-type-variable"},"_links":{"self":[{"href":"https:\/\/www.fsvj.se\/webshop\/wp-json\/wp\/v2\/product\/26108","targetHints":{"allow":["GET"]}}],"collection":[{"href":"https:\/\/www.fsvj.se\/webshop\/wp-json\/wp\/v2\/product"}],"about":[{"href":"https:\/\/www.fsvj.se\/webshop\/wp-json\/wp\/v2\/types\/product"}],"replies":[{"embeddable":true,"href":"https:\/\/www.fsvj.se\/webshop\/wp-json\/wp\/v2\/comments?post=26108"}],"wp:featuredmedia":[{"embeddable":true,"href":"https:\/\/www.fsvj.se\/webshop\/wp-json\/wp\/v2\/media\/166"}],"wp:attachment":[{"href":"https:\/\/www.fsvj.se\/webshop\/wp-json\/wp\/v2\/media?parent=26108"}],"wp:term":[{"taxonomy":"product_brand","embeddable":true,"href":"https:\/\/www.fsvj.se\/webshop\/wp-json\/wp\/v2\/product_brand?post=26108"},{"taxonomy":"product_cat","embeddable":true,"href":"https:\/\/www.fsvj.se\/webshop\/wp-json\/wp\/v2\/product_cat?post=26108"},{"taxonomy":"product_tag","embeddable":true,"href":"https:\/\/www.fsvj.se\/webshop\/wp-json\/wp\/v2\/product_tag?post=26108"}],"curies":[{"name":"wp","href":"https:\/\/api.w.org\/{rel}","templated":true}]}}