{"id":227,"date":"2019-12-19T10:56:17","date_gmt":"2019-12-19T09:56:17","guid":{"rendered":"https:\/\/www.fsvj.se\/webshop\/?post_type=product&#038;p=227"},"modified":"2026-03-11T01:39:53","modified_gmt":"2026-03-11T00:39:53","slug":"tgoj-historia-del-1","status":"publish","type":"product","link":"https:\/\/www.fsvj.se\/webshop\/produkt\/tgoj-historia-del-1\/","title":{"rendered":"TGOJ Historia, del 1."},"content":{"rendered":"<p>Trafikaktiebolaget Gr\u00e4ngesberg &#8211; Oxel\u00f6sunds J\u00e4rnv\u00e4gar.<\/p>\n<p>Del 1.<\/p>\n<p>Nytryck 1993 av originalet fr\u00e5n 1927.<\/p>\n<p>137 sidor med h\u00e5rda p\u00e4rmar.<\/p>\n<p>&nbsp;<\/p>\n<p>Priset \u00e4r inklusive frakt!<\/p>\n","protected":false},"excerpt":{"rendered":"<p>Trafikaktiebolaget Gr\u00e4ngesberg &#8211; Oxel\u00f6sunds J\u00e4rnv\u00e4gar. Del 1. Nytryck 1993 av originalet fr\u00e5n 1927. 137 sidor med h\u00e5rda p\u00e4rmar. &nbsp; Priset \u00e4r inklusive frakt!<\/p>\n","protected":false},"featured_media":228,"comment_status":"open","ping_status":"closed","template":"","meta":{"spay_email":""},"product_brand":[],"product_cat":[20],"product_tag":[],"class_list":{"0":"post-227","1":"product","2":"type-product","3":"status-publish","4":"has-post-thumbnail","6":"product_cat-bocker","8":"first","9":"instock","10":"taxable","11":"shipping-taxable","12":"purchasable","13":"product-type-simple"},"_links":{"self":[{"href":"https:\/\/www.fsvj.se\/webshop\/wp-json\/wp\/v2\/product\/227","targetHints":{"allow":["GET"]}}],"collection":[{"href":"https:\/\/www.fsvj.se\/webshop\/wp-json\/wp\/v2\/product"}],"about":[{"href":"https:\/\/www.fsvj.se\/webshop\/wp-json\/wp\/v2\/types\/product"}],"replies":[{"embeddable":true,"href":"https:\/\/www.fsvj.se\/webshop\/wp-json\/wp\/v2\/comments?post=227"}],"wp:featuredmedia":[{"embeddable":true,"href":"https:\/\/www.fsvj.se\/webshop\/wp-json\/wp\/v2\/media\/228"}],"wp:attachment":[{"href":"https:\/\/www.fsvj.se\/webshop\/wp-json\/wp\/v2\/media?parent=227"}],"wp:term":[{"taxonomy":"product_brand","embeddable":true,"href":"https:\/\/www.fsvj.se\/webshop\/wp-json\/wp\/v2\/product_brand?post=227"},{"taxonomy":"product_cat","embeddable":true,"href":"https:\/\/www.fsvj.se\/webshop\/wp-json\/wp\/v2\/product_cat?post=227"},{"taxonomy":"product_tag","embeddable":true,"href":"https:\/\/www.fsvj.se\/webshop\/wp-json\/wp\/v2\/product_tag?post=227"}],"curies":[{"name":"wp","href":"https:\/\/api.w.org\/{rel}","templated":true}]}}