{"id":192,"date":"2019-12-17T15:52:40","date_gmt":"2019-12-17T14:52:40","guid":{"rendered":"https:\/\/www.fsvj.se\/webshop\/?post_type=product&#038;p=192"},"modified":"2019-12-17T16:02:27","modified_gmt":"2019-12-17T15:02:27","slug":"ma408","status":"publish","type":"product","link":"https:\/\/www.fsvj.se\/webshop\/produkt\/ma408\/","title":{"rendered":"St\u00f6dandelar f\u00f6r Ma 408"},"content":{"rendered":"<p>J\u00e4rnv\u00e4gsbanken bildades f\u00f6r att betal k\u00f6pet av loket Ma 408 av Green Cargo.<\/p>\n<p>En st\u00f6dandel kostar 200 kronor i en limiterad utg\u00e5va av 1000 andelar. Vid fulltecknande motsvarar detta ink\u00f6pspriset f\u00f6r loket.<\/p>\n<p>St\u00f6dandelen \u00e4r inte en \u00e4garandel i Ma 408 utan endast ett st\u00f6d och st\u00e4ller inga ytterligare krav p\u00e5 engagemang.<\/p>\n<p>Du som k\u00f6per en eller flera st\u00f6dandelar f\u00e5r ett g\u00e5vobevis samt namnet publicerat p\u00e5 sidan J\u00e4rnv\u00e4gsbanken.<\/p>\n<p>\u00d6nskar du bidra med mer \u00e4n 200 kronor, \u00e4ndrar du antalet i varukorgen, Tack f\u00f6r ditt st\u00f6d<\/p>\n","protected":false},"excerpt":{"rendered":"<p>J\u00e4rnv\u00e4gsbanken bildades f\u00f6r att betal k\u00f6pet av loket Ma 408 av Green Cargo. En st\u00f6dandel kostar 200 kronor i en limiterad utg\u00e5va av 1000 andelar. Vid fulltecknande motsvarar detta ink\u00f6pspriset f\u00f6r loket. St\u00f6dandelen \u00e4r inte en \u00e4garandel i Ma 408 utan endast ett st\u00f6d och st\u00e4ller inga ytterligare krav p\u00e5 engagemang. Du som k\u00f6per en [&hellip;]<\/p>\n","protected":false},"featured_media":193,"comment_status":"open","ping_status":"closed","template":"","meta":{"spay_email":""},"product_brand":[],"product_cat":[21],"product_tag":[],"class_list":{"0":"post-192","1":"product","2":"type-product","3":"status-publish","4":"has-post-thumbnail","6":"product_cat-gavor","8":"first","9":"instock","10":"virtual","11":"purchasable","12":"product-type-simple"},"_links":{"self":[{"href":"https:\/\/www.fsvj.se\/webshop\/wp-json\/wp\/v2\/product\/192","targetHints":{"allow":["GET"]}}],"collection":[{"href":"https:\/\/www.fsvj.se\/webshop\/wp-json\/wp\/v2\/product"}],"about":[{"href":"https:\/\/www.fsvj.se\/webshop\/wp-json\/wp\/v2\/types\/product"}],"replies":[{"embeddable":true,"href":"https:\/\/www.fsvj.se\/webshop\/wp-json\/wp\/v2\/comments?post=192"}],"wp:featuredmedia":[{"embeddable":true,"href":"https:\/\/www.fsvj.se\/webshop\/wp-json\/wp\/v2\/media\/193"}],"wp:attachment":[{"href":"https:\/\/www.fsvj.se\/webshop\/wp-json\/wp\/v2\/media?parent=192"}],"wp:term":[{"taxonomy":"product_brand","embeddable":true,"href":"https:\/\/www.fsvj.se\/webshop\/wp-json\/wp\/v2\/product_brand?post=192"},{"taxonomy":"product_cat","embeddable":true,"href":"https:\/\/www.fsvj.se\/webshop\/wp-json\/wp\/v2\/product_cat?post=192"},{"taxonomy":"product_tag","embeddable":true,"href":"https:\/\/www.fsvj.se\/webshop\/wp-json\/wp\/v2\/product_tag?post=192"}],"curies":[{"name":"wp","href":"https:\/\/api.w.org\/{rel}","templated":true}]}}