{"id":165,"date":"2019-12-16T10:42:47","date_gmt":"2019-12-16T09:42:47","guid":{"rendered":"https:\/\/www.fsvj.se\/webshop\/?post_type=product&#038;p=165"},"modified":"2025-06-11T15:24:55","modified_gmt":"2025-06-11T13:24:55","slug":"gavofond-x21-9","status":"publish","type":"product","link":"https:\/\/www.fsvj.se\/webshop\/produkt\/gavofond-x21-9\/","title":{"rendered":"G\u00e5vofond x21 &#8211; 9"},"content":{"rendered":"<p>H\u00e4r kan du bidra med restaureringen av TGOJ motorvagnen X21 &#8211; 9.<\/p>\n<p>X21-9 \u00e4r den enda av TGOJs motorvagnar som \u00e4r i drift och \u00e4r d\u00e4rf\u00f6r ett unikt fordon, som byggdes 1959 och har g\u00e5tt i trafik fr\u00e5n Oxel\u00f6sund..<\/p>\n<p>\u00d6nskar du bidra med mer \u00e4n 100 kronor, \u00e4ndrar du antalet i varukorgen, Tack f\u00f6r ditt st\u00f6d<\/p>\n","protected":false},"excerpt":{"rendered":"<p>H\u00e4r kan du bidra med restaureringen av TGOJ motorvagnen X21 &#8211; 9. X21-9 \u00e4r den enda av TGOJs motorvagnar som \u00e4r i drift och \u00e4r d\u00e4rf\u00f6r ett unikt fordon, som byggdes 1959 och har g\u00e5tt i trafik fr\u00e5n Oxel\u00f6sund.. \u00d6nskar du bidra med mer \u00e4n 100 kronor, \u00e4ndrar du antalet i varukorgen, Tack f\u00f6r ditt [&hellip;]<\/p>\n","protected":false},"featured_media":166,"comment_status":"open","ping_status":"closed","template":"","meta":{"spay_email":""},"product_brand":[],"product_cat":[21],"product_tag":[],"class_list":{"0":"post-165","1":"product","2":"type-product","3":"status-publish","4":"has-post-thumbnail","6":"product_cat-gavor","8":"first","9":"instock","10":"purchasable","11":"product-type-simple"},"_links":{"self":[{"href":"https:\/\/www.fsvj.se\/webshop\/wp-json\/wp\/v2\/product\/165","targetHints":{"allow":["GET"]}}],"collection":[{"href":"https:\/\/www.fsvj.se\/webshop\/wp-json\/wp\/v2\/product"}],"about":[{"href":"https:\/\/www.fsvj.se\/webshop\/wp-json\/wp\/v2\/types\/product"}],"replies":[{"embeddable":true,"href":"https:\/\/www.fsvj.se\/webshop\/wp-json\/wp\/v2\/comments?post=165"}],"wp:featuredmedia":[{"embeddable":true,"href":"https:\/\/www.fsvj.se\/webshop\/wp-json\/wp\/v2\/media\/166"}],"wp:attachment":[{"href":"https:\/\/www.fsvj.se\/webshop\/wp-json\/wp\/v2\/media?parent=165"}],"wp:term":[{"taxonomy":"product_brand","embeddable":true,"href":"https:\/\/www.fsvj.se\/webshop\/wp-json\/wp\/v2\/product_brand?post=165"},{"taxonomy":"product_cat","embeddable":true,"href":"https:\/\/www.fsvj.se\/webshop\/wp-json\/wp\/v2\/product_cat?post=165"},{"taxonomy":"product_tag","embeddable":true,"href":"https:\/\/www.fsvj.se\/webshop\/wp-json\/wp\/v2\/product_tag?post=165"}],"curies":[{"name":"wp","href":"https:\/\/api.w.org\/{rel}","templated":true}]}}