{"id":7,"date":"2019-12-06T10:40:14","date_gmt":"2019-12-06T09:40:14","guid":{"rendered":"http:\/\/www.fsvj.se\/webshop\/varukorg\/"},"modified":"2020-03-31T13:49:22","modified_gmt":"2020-03-31T11:49:22","slug":"varukorg","status":"publish","type":"page","link":"https:\/\/www.fsvj.se\/webshop\/varukorg\/","title":{"rendered":"Varukorg"},"content":{"rendered":"\n<p>Du kan \u00f6ka eller minska antalet direkt i sammanst\u00e4llningen av valda produkter. Skall du best\u00e4lla fler saker? Klicka p\u00e5 Home och v\u00e4lj vara.<\/p>\n\n\n\n","protected":false},"excerpt":{"rendered":"<p>Du kan \u00f6ka eller minska antalet direkt i sammanst\u00e4llningen av valda produkter. Skall du best\u00e4lla fler saker? Klicka p\u00e5 Home och v\u00e4lj vara.<\/p>\n","protected":false},"author":1,"featured_media":0,"parent":0,"menu_order":0,"comment_status":"closed","ping_status":"closed","template":"","meta":{"spay_email":"","footnotes":""},"class_list":["post-7","page","type-page","status-publish","hentry"],"_links":{"self":[{"href":"https:\/\/www.fsvj.se\/webshop\/wp-json\/wp\/v2\/pages\/7","targetHints":{"allow":["GET"]}}],"collection":[{"href":"https:\/\/www.fsvj.se\/webshop\/wp-json\/wp\/v2\/pages"}],"about":[{"href":"https:\/\/www.fsvj.se\/webshop\/wp-json\/wp\/v2\/types\/page"}],"author":[{"embeddable":true,"href":"https:\/\/www.fsvj.se\/webshop\/wp-json\/wp\/v2\/users\/1"}],"replies":[{"embeddable":true,"href":"https:\/\/www.fsvj.se\/webshop\/wp-json\/wp\/v2\/comments?post=7"}],"version-history":[{"count":1,"href":"https:\/\/www.fsvj.se\/webshop\/wp-json\/wp\/v2\/pages\/7\/revisions"}],"predecessor-version":[{"id":1810,"href":"https:\/\/www.fsvj.se\/webshop\/wp-json\/wp\/v2\/pages\/7\/revisions\/1810"}],"wp:attachment":[{"href":"https:\/\/www.fsvj.se\/webshop\/wp-json\/wp\/v2\/media?parent=7"}],"curies":[{"name":"wp","href":"https:\/\/api.w.org\/{rel}","templated":true}]}}